{"id":136,"date":"2010-09-15T15:21:24","date_gmt":"2010-09-15T13:21:24","guid":{"rendered":"http:\/\/eksm.de\/?page_id=136"},"modified":"2024-09-19T15:40:45","modified_gmt":"2024-09-19T13:40:45","slug":"saftmobil","status":"publish","type":"page","link":"https:\/\/eksm.de\/blog\/kirchenkreis\/einrichtungen\/saftmobil\/","title":{"rendered":"Saftmobil Juicebox"},"content":{"rendered":"\n<h3 class=\"wp-block-heading\">Betreuerin des Saftmobils<\/h3>\n\n\n\n<figure class=\"wp-block-image\"><img decoding=\"async\" src=\"http:\/\/www.eksm.de\/images\/img263.jpg\" alt=\"Judith Frank, Jugendmitarbeiterin\"\/><\/figure>\n\n\n\n<p><strong>Jugendmitarbeiterin Judith Frank<\/strong><br>K\u00e4bach 25<br>98574 Schmalkalden \/ OT Asbach<br>Tel.: 03683 78 07 38<br>Handy: 0171 35 58 115<\/p>\n\n\n\n<p><a href=\"mailto:judith.frank@ekkw.de\" target=\"_blank\" rel=\"noreferrer noopener\"><img loading=\"lazy\" decoding=\"async\" width=\"40\" height=\"20\" class=\"wp-image-1100\" style=\"width: 40px;\" src=\"http:\/\/eksm.de\/blog\/kirchenkreis\/wp-content\/uploads\/2010\/09\/Mail-Button.jpg\" alt=\"\" srcset=\"https:\/\/eksm.de\/blog\/kirchenkreis\/wp-content\/uploads\/2010\/09\/Mail-Button.jpg 343w, https:\/\/eksm.de\/blog\/kirchenkreis\/wp-content\/uploads\/2010\/09\/Mail-Button-300x147.jpg 300w\" sizes=\"auto, (max-width: 40px) 100vw, 40px\" \/><\/a><\/p>\n\n\n\n<h4 class=\"wp-block-heading\">Alkohol-Pr\u00e4vention &#8211; das Saftmobil<\/h4>\n\n\n\n<p>Im Rahmen eines Projektes des Landkreises Schmalkalden &#8211; Meiningen und der evangelischen Jugend im Kirchenkreis Schmalkalden ist das Kreisjugendpfarramt Tr\u00e4ger dieses Projektes.<\/p>\n\n\n\n<p><\/p>\n\n\n\n<p>Hier einiges zur Konzeption:<\/p>\n\n\n\n<h4 class=\"wp-block-heading\">1. Ausgangssituation:<\/h4>\n\n\n\n<p>Immer mehr junge Menschen trinken in immer gr\u00f6\u00dferen Mengen immer \u00f6fter Alkohol. Es ist unter Kindern und Jugendlichen nicht un\u00fcblich, dass mit <img loading=\"lazy\" decoding=\"async\" style=\"margin: 10px 0px 10px 10px; display: inline;\" src=\"http:\/\/www.eksm.de\/images\/06_2007__kirchentagkoeln_099.jpg\" alt=\"daas saftmobil - eine gemeisame Aktion Landkreis und Kreisjugendpfarramt\" width=\"291\" height=\"179\" align=\"right\"> <br>12 \u2013 13 Jahren schon regelm\u00e4\u00dfig jedes Wochenende bis \u201ezum Abwinken\u201c Alkohol konsumiert wird. Einhergehend ist in der Bev\u00f6lkerung in den letzten Jahren eine Akzeptanz dieses Zustandes gewachsen, so dass sich heute kaum jemand mehr dar\u00fcber Gedanken macht, dass Kinder und Jugendliche in aller \u00d6ffentlichkeit und teilweise sogar in Jugendeinrichtungen Alkohol zu sich nehmen. Eltern sind demzufolge toleranter im Umgang mit alkoholisierten Kindern; es wird sogar Alkohol f\u00fcr die \u201eSpr\u00f6sslinge\u201c gekauft und mitgegeben. So werden z.B. Geburtstagsfeiern von Kindern (bis 14 Jahren) erst zum H\u00f6hepunkt, wenn Sekt, Wein oder Bier angeboten wird.<\/p>\n\n\n\n<h4 class=\"wp-block-heading\">2. Ziel<\/h4>\n\n\n\n<p>Zielgruppe sind vorrangig 12 \u2013 18-j\u00e4hrige Kinder, Jugendliche und Eltern. <br>Das Saftmobil soll junge Menschen in ansprechender Form Alternativen zu alkoholischen Getr\u00e4nken anbieten. Dazu werden nicht nur alkoholfreie Getr\u00e4nke verkauft, sondern anspruchsvolle wohlschmeckende Cocktails frisch gemixt. Gleichzeitig ergeben sich so Gelegenheiten f\u00fcr niedrigschwellige zielorientierte Gespr\u00e4che mit Kindern, Jugendlichen und Eltern. Das Saftmobil soll dabei helfen, in der breiten Bev\u00f6lkerung wieder ein Bewusstsein daf\u00fcr zu schaffen, dass es nicht normal ist, dass Kinder und Jugendliche regelm\u00e4\u00dfig Alkohol trinken.<\/p>\n\n\n\n<h4 class=\"wp-block-heading\">3. Inhaltliches Konzept<\/h4>\n\n\n\n<p>Bisherige Saftmobile dienen nach unseren Recherchen lediglich dem Angebot von alkoholfreien Getr\u00e4nken, in der Regel S\u00e4fte. Es wird dabei weder ein optischer noch emotionaler Impuls gesetzt, der alkoholfreie Getr\u00e4nke reizvoll erscheinen l\u00e4sst. <br>Unser Ansatz: <br>Wir wollen mit dem Einsatz des Verkaufswagens optisch ansprechende Mix-Getr\u00e4nke anbieten und gleichzeitig deutlich machen, dass Alkohol nichts mit St\u00e4rke oder Spa\u00df zu tun haben muss. <br>Daher wurde das Saftmobil mit entsprechend geeignetem Personal ausgestattet. Neben Kenntnissen zum Herstellen entsprechender Cocktails sind vor allem kommunikative F\u00e4higkeiten vorhanden. Wir stehen mit dem Auto nicht nur an irgendwelchen Orten und schenken aus, das Auto ist dort pr\u00e4sent, wo sich Kinder und Jugendliche \u00f6ffentlich treffen bzw. feiern. Es ist ein unkomplizierter flexibler Einsatz gew\u00e4hrleistet. <br>Zur Grundausstattung des Transportfahrzeuges, das mit dem PKW-F\u00fchrerschein gefahren werden kann, geh\u00f6ren: Theke, K\u00fchl- und Gefrierschrank, Mixger\u00e4te, Wasch- und Sp\u00fclgelegenheit, Lager- und Stauraum, Wasser- , Abwasser- und Stromanschluss, Bierzeltgarnituren f\u00fcr den Au\u00dfenbereich, Kasse. <br>Die Einrichtung wird den erh\u00f6hten Anforderungen des Ausschankes alkoholfreier Getr\u00e4nke gerecht.<\/p>\n\n\n\n<h4 class=\"wp-block-heading\">4. Finanzierung<\/h4>\n\n\n\n<p>Die Anschaffung des Fahrzeuges wurde aus Mitteln des Landkreises und durch F\u00f6rderung des Freistaates Th\u00fcringen (Lottomittel) m\u00f6glich. <br>Die Personalkosten werden vom Landkreis Schmalkalden-Meiningen und aus Mitteln der Jugendpauschale \u2013 Freistaat Th\u00fcringen \u2013 getragen. Gleitende Arbeitszeit mit einem Arbeitszeitkonto ist zwingende Voraussetzung. Die laufenden Betriebskosten sowie \u00d6ffentlichkeitsarbeit und Werbung werden \u00fcber Einnahmen aus dem Verkauf und Sponsoren (Rh\u00f6n- Rennsteig- Sparkasse, Th\u00fcSa) finanziert. Die Unterstellung bzw. Sicherung des Fahrzeuges erfolgt kostenlos durch die Kommune Floh-Seligenthal.<\/p>\n\n\n\n<h4 class=\"wp-block-heading\">5. Betreibung des Saftmobils<\/h4>\n\n\n\n<p>Der Jugendhilfeausschuss hat das Saftmobil der Evangelischen Jugend Schmalkalden \u00fcbertragen. Es ist mit einer hauptamtlich Besch\u00e4ftigten mit 0,5 VbE bis 2010 besetzt. Die Einsatzorte ergeben sich aus Anforderungen zu Jugendveranstaltungen und werden dar\u00fcber hinaus an jugendtypischen Treffpunkten selbst\u00e4ndig gew\u00e4hlt. \u00d6ffentlichkeitsarbeit bzw. Werbung erfolgt mittels des Fahrzeuges. Die ansprechende bunte Gestaltung schafft Aufmerksamkeit. <br>Neben Handzetteln mit entsprechenden Rezepten wurden bzw. werden auch weitere Informationsmaterialien erarbeitet, ausgelegt bzw. verteilt. Die Erarbeitung von Informationsmaterial erfolgt in der Regel unter Mitarbeit von Jugendlichen. <br>In den Wintermonaten besucht die Mitarbeiterin Schulen und Vereine um auf das Angebot hinzuweisen. Dadurch kann zus\u00e4tzlich Aufkl\u00e4rungsmaterial \u00fcber die \u201eAktion alkoholfrei\u201c des Landkreises verteilt werden. Au\u00dferdem sollen regelm\u00e4\u00dfige Berichte in der Presse auf das Angebot hinweisen. Auch durch die Sponsoren wurde und wird das Saftmobil zu Gro\u00dfveranstaltungen f\u00fcr Jugendliche vermittelt. <br>Die Preise werden jugendgem\u00e4\u00df gestaltet: 1\u20ac pro Cocktail<\/p>\n","protected":false},"excerpt":{"rendered":"<div class=\"mh-excerpt\"><p>Betreuerin des Saftmobils Jugendmitarbeiterin Judith FrankK\u00e4bach 2598574 Schmalkalden \/ OT AsbachTel.: 03683 78 07 38Handy: 0171 35 58 115 Alkohol-Pr\u00e4vention &#8211; das Saftmobil Im Rahmen eines Projektes des Landkreises Schmalkalden &#8211; Meiningen und der evangelischen <a class=\"mh-excerpt-more\" href=\"https:\/\/eksm.de\/blog\/kirchenkreis\/einrichtungen\/saftmobil\/\" title=\"Saftmobil Juicebox\">[&#8230; weiterlesen]<\/a><\/p>\n<\/div>","protected":false},"author":2528,"featured_media":0,"parent":17,"menu_order":0,"comment_status":"closed","ping_status":"closed","template":"","meta":{"ngg_post_thumbnail":0,"footnotes":""},"class_list":["post-136","page","type-page","status-publish"],"_links":{"self":[{"href":"https:\/\/eksm.de\/blog\/kirchenkreis\/wp-json\/wp\/v2\/pages\/136","targetHints":{"allow":["GET"]}}],"collection":[{"href":"https:\/\/eksm.de\/blog\/kirchenkreis\/wp-json\/wp\/v2\/pages"}],"about":[{"href":"https:\/\/eksm.de\/blog\/kirchenkreis\/wp-json\/wp\/v2\/types\/page"}],"author":[{"embeddable":true,"href":"https:\/\/eksm.de\/blog\/kirchenkreis\/wp-json\/wp\/v2\/users\/2528"}],"replies":[{"embeddable":true,"href":"https:\/\/eksm.de\/blog\/kirchenkreis\/wp-json\/wp\/v2\/comments?post=136"}],"version-history":[{"count":2,"href":"https:\/\/eksm.de\/blog\/kirchenkreis\/wp-json\/wp\/v2\/pages\/136\/revisions"}],"predecessor-version":[{"id":4885,"href":"https:\/\/eksm.de\/blog\/kirchenkreis\/wp-json\/wp\/v2\/pages\/136\/revisions\/4885"}],"up":[{"embeddable":true,"href":"https:\/\/eksm.de\/blog\/kirchenkreis\/wp-json\/wp\/v2\/pages\/17"}],"wp:attachment":[{"href":"https:\/\/eksm.de\/blog\/kirchenkreis\/wp-json\/wp\/v2\/media?parent=136"}],"curies":[{"name":"wp","href":"https:\/\/api.w.org\/{rel}","templated":true}]}}