{"id":17,"date":"2010-08-16T01:13:45","date_gmt":"2010-08-15T23:13:45","guid":{"rendered":"http:\/\/eksm.de\/?page_id=17"},"modified":"2012-03-08T09:20:14","modified_gmt":"2012-03-08T08:20:14","slug":"einrichtungen","status":"publish","type":"page","link":"https:\/\/eksm.de\/blog\/kirchenkreis\/einrichtungen\/","title":{"rendered":"Einrichtungen"},"content":{"rendered":"<p><a href=\"http:\/\/eksm.de\/?page_id=116\">Altenpflegeheime<\/a><\/p>\n<p><a href=\"http:\/\/eksm.de\/?page_id=117\">Behinderteneinrichtungen<\/a><\/p>\n<p><a href=\"http:\/\/eksm.de\/?page_id=131\">Beratungsstelle f\u00fcr M\u00fctterkuren<\/a><\/p>\n<p><a href=\"http:\/\/eksm.de\/?page_id=118\">Diakoniepfarramt<\/a><\/p>\n<p><a href=\"http:\/\/eksm.de\/?page_id=119\">Eine-Welt-Verein<\/a><\/p>\n<p><a href=\"http:\/\/eksm.de\/?page_id=121\">Familienberatungsstelle<\/a><\/p>\n<p><a href=\"http:\/\/eksm.de\/?page_id=126\">Hospizgruppe<\/a><\/p>\n<p><a href=\"http:\/\/eksm.de\/?page_id=127\">Kinderg\u00e4rten<\/a><\/p>\n<p><a href=\"http:\/\/eksm.de\/?page_id=122\">Kirchenb\u00fccher<\/a><\/p>\n<p><a href=\"http:\/\/eksm.de\/?page_id=128\">Kirchenkreiskantorin<\/a><\/p>\n<p><a href=\"http:\/\/eksm.de\/?page_id=115\">kirchliche Sozial- und Lebensberatung<\/a><\/p>\n<p><a href=\"http:\/\/eksm.de\/?page_id=129\">Kreisjugendpfarramt<\/a><\/p>\n<p><a href=\"http:\/\/eksm.de\/?page_id=124\">Mehrgenerationenhaus Schmalkalden<\/a><\/p>\n<p><a href=\"http:\/\/eksm.de\/?page_id=133\">Notfallseelsorge<\/a><\/p>\n<p><a href=\"http:\/\/eksm.de\/?page_id=134\">Pflegedienst<\/a><\/p>\n<p><a href=\"http:\/\/eksm.de\/?page_id=136\">Saftmobil<\/a><\/p>\n<p><a href=\"http:\/\/eksm.de\/?page_id=137\">evangelische Studentengemeinde<\/a><\/p>\n<p><a href=\"http:\/\/eksm.de\/?page_id=139\">Tafel Schmalkalden<\/a><\/p>\n","protected":false},"excerpt":{"rendered":"<div class=\"mh-excerpt\"><p>Altenpflegeheime Behinderteneinrichtungen Beratungsstelle f\u00fcr M\u00fctterkuren Diakoniepfarramt Eine-Welt-Verein Familienberatungsstelle Hospizgruppe Kinderg\u00e4rten Kirchenb\u00fccher Kirchenkreiskantorin kirchliche Sozial- und Lebensberatung Kreisjugendpfarramt Mehrgenerationenhaus Schmalkalden Notfallseelsorge Pflegedienst Saftmobil evangelische Studentengemeinde Tafel Schmalkalden<\/p>\n<\/div>","protected":false},"author":1,"featured_media":0,"parent":0,"menu_order":2,"comment_status":"closed","ping_status":"closed","template":"","meta":{"ngg_post_thumbnail":0,"footnotes":""},"class_list":["post-17","page","type-page","status-publish"],"_links":{"self":[{"href":"https:\/\/eksm.de\/blog\/kirchenkreis\/wp-json\/wp\/v2\/pages\/17","targetHints":{"allow":["GET"]}}],"collection":[{"href":"https:\/\/eksm.de\/blog\/kirchenkreis\/wp-json\/wp\/v2\/pages"}],"about":[{"href":"https:\/\/eksm.de\/blog\/kirchenkreis\/wp-json\/wp\/v2\/types\/page"}],"author":[{"embeddable":true,"href":"https:\/\/eksm.de\/blog\/kirchenkreis\/wp-json\/wp\/v2\/users\/1"}],"replies":[{"embeddable":true,"href":"https:\/\/eksm.de\/blog\/kirchenkreis\/wp-json\/wp\/v2\/comments?post=17"}],"version-history":[{"count":4,"href":"https:\/\/eksm.de\/blog\/kirchenkreis\/wp-json\/wp\/v2\/pages\/17\/revisions"}],"predecessor-version":[{"id":632,"href":"https:\/\/eksm.de\/blog\/kirchenkreis\/wp-json\/wp\/v2\/pages\/17\/revisions\/632"}],"wp:attachment":[{"href":"https:\/\/eksm.de\/blog\/kirchenkreis\/wp-json\/wp\/v2\/media?parent=17"}],"curies":[{"name":"wp","href":"https:\/\/api.w.org\/{rel}","templated":true}]}}