{"id":174,"date":"2010-09-15T17:08:43","date_gmt":"2010-09-15T15:08:43","guid":{"rendered":"http:\/\/eksm.de\/?page_id=174"},"modified":"2025-04-14T13:45:20","modified_gmt":"2025-04-14T11:45:20","slug":"trauung","status":"publish","type":"page","link":"https:\/\/eksm.de\/blog\/kirchenkreis\/interaktiv\/trauung\/","title":{"rendered":"Hochzeit &amp; Trauung"},"content":{"rendered":"<h4>Sie m\u00f6chten sich trauen lassen&#8230;<\/h4>\n<p>In unseren Gemeinden wird die Trauung meist am Sonnabend Nachmittag gehalten.<br \/>\nAber auch andere Termine lassen sich vereinbaren. Wie es in Ihrer Gemeinde \u00fcblich ist,<br \/>\nerfahren Sie in Ihrem Pfarramt.<br \/>\nDen passenden Termin k\u00f6nnen Sie problemlos im Pfarramt vereinbaren.<br \/>\nNur am Karfreitag und Karsamstag werden keine Trauungen durchgef\u00fchrt.<\/p>\n<p>In jedem Fall k\u00f6nnen Sie sich mit Fragen oder Terminw\u00fcnschen an Ihr \u00f6rtliches Pfarramt wenden.<br \/>\nDie Adresse bzw. Telefonnummern finden Sie hier:<br \/>\n<a href=\"http:\/\/eksm.de\/?page_id=102\"><img loading=\"lazy\" decoding=\"async\" src=\"http:\/\/www.eksm.de\/images\/button10B.jpg\" alt=\"Adressen Pfarr\u00e4mter\" width=\"130\" height=\"20\"><\/a><\/p>\n<p>Sie finden hier eine Zusammenstellung wichtiger Fragen und Antworten zur Trauung:<br \/>\n<a href=\"http:\/\/www.ekkw.de\/ratgeber\/hochzeit.html\"><img loading=\"lazy\" decoding=\"async\" src=\"http:\/\/www.eksm.de\/images\/button10E.jpg\" alt=\"Ratgeber Trauung\" width=\"130\" height=\"20\"><\/a><\/p>\n<p>Wenn Sie einen Taufspruch suchen, k\u00f6nnen Sie hier wichtige Informationen finden:<\/p>\n<p><a href=\"http:\/\/www.trauspruch.de\"><img loading=\"lazy\" decoding=\"async\" src=\"http:\/\/www.eksm.de\/images\/button134.jpg\" alt=\"Trauspr\u00fcche\" width=\"130\" height=\"20\"><\/a><br \/>\nSelbstverst\u00e4ndlich k\u00f6nnen Sie auch selbst einen passenden Spruch in der Bibel suchen.<\/p>\n<p>Auch wenn ein Partner nicht der Kirche angeh\u00f6rt, kann die Trauung stattfinden.<br \/>\nDieser Partner muss nat\u00fcrlich mit einer kirchlichen Trauung einverstanden sein.<br \/>\nSie k\u00f6nnen mit Ihrer zust\u00e4ndigen Pfarrerin \/ Pfarrer den Ablauf der Trauung verabreden.<\/p>\n<p>Die Mitwirkung eines Chores oder Gospelchores macht die Trauung feierlicher.<br \/>\nBitte fragen Sie nach den M\u00f6glichkeiten vor Ort.<\/p>\n<p>Wenn Sie sich f\u00fcr die Kirchen in unserem Kirchenkreis interessieren, k\u00f6nnen sie hier weiter lesen:<br \/>\n<a href=\"http:\/\/www.eksm.de\/kirchenkreisgemeinden\/index.html\"><img loading=\"lazy\" decoding=\"async\" src=\"http:\/\/www.eksm.de\/images\/button114.jpg\" alt=\"Kirchen\" width=\"130\" height=\"20\"><\/a><\/p>\n<p>Nat\u00fcrlich besteht auch die M\u00f6glichkeit, dass ein Partner sich erwachsen taufen l\u00e4sst oder die Konfirmation nachholt. Es ist auch m\u00f6glich, an einem Kurs teilzunehmen, um sich \u00fcber den christlichen Glauben zu informieren, ohne sich zun\u00e4chst f\u00fcr eine Taufe oder Erwachsenenkonfirmation festzulegen.<br \/>\n<a href=\"http:\/\/eksm.de\/?page_id=173\"><img loading=\"lazy\" decoding=\"async\" src=\"http:\/\/www.eksm.de\/images\/button117.jpg\" alt=\"Ratgeber Taufe\" width=\"130\" height=\"20\"><\/a><\/p>\n<p>Sie k\u00f6nnen uns auch eine Mail schreiben und wir informieren Sie k\u00f6nnen Ihre Fragen beantworten:<br \/>\n<a href=\"mailto:hauser@eksm.de?subject=Anfrage wegen Trauung\"><img loading=\"lazy\" decoding=\"async\" src=\"http:\/\/www.eksm.de\/images\/button11A.jpg\" alt=\"Mail an uns\" width=\"130\" height=\"20\"><\/a><\/p>\n","protected":false},"excerpt":{"rendered":"<div class=\"mh-excerpt\"><p>Sie m\u00f6chten sich trauen lassen&#8230; In unseren Gemeinden wird die Trauung meist am Sonnabend Nachmittag gehalten. Aber auch andere Termine lassen sich vereinbaren. Wie es in Ihrer Gemeinde \u00fcblich ist, erfahren Sie in Ihrem Pfarramt. <a class=\"mh-excerpt-more\" href=\"https:\/\/eksm.de\/blog\/kirchenkreis\/interaktiv\/trauung\/\" title=\"Hochzeit &amp; Trauung\">[&#8230; weiterlesen]<\/a><\/p>\n<\/div>","protected":false},"author":1,"featured_media":0,"parent":19,"menu_order":0,"comment_status":"closed","ping_status":"closed","template":"","meta":{"ngg_post_thumbnail":0,"footnotes":""},"class_list":["post-174","page","type-page","status-publish"],"_links":{"self":[{"href":"https:\/\/eksm.de\/blog\/kirchenkreis\/wp-json\/wp\/v2\/pages\/174","targetHints":{"allow":["GET"]}}],"collection":[{"href":"https:\/\/eksm.de\/blog\/kirchenkreis\/wp-json\/wp\/v2\/pages"}],"about":[{"href":"https:\/\/eksm.de\/blog\/kirchenkreis\/wp-json\/wp\/v2\/types\/page"}],"author":[{"embeddable":true,"href":"https:\/\/eksm.de\/blog\/kirchenkreis\/wp-json\/wp\/v2\/users\/1"}],"replies":[{"embeddable":true,"href":"https:\/\/eksm.de\/blog\/kirchenkreis\/wp-json\/wp\/v2\/comments?post=174"}],"version-history":[{"count":6,"href":"https:\/\/eksm.de\/blog\/kirchenkreis\/wp-json\/wp\/v2\/pages\/174\/revisions"}],"predecessor-version":[{"id":5464,"href":"https:\/\/eksm.de\/blog\/kirchenkreis\/wp-json\/wp\/v2\/pages\/174\/revisions\/5464"}],"up":[{"embeddable":true,"href":"https:\/\/eksm.de\/blog\/kirchenkreis\/wp-json\/wp\/v2\/pages\/19"}],"wp:attachment":[{"href":"https:\/\/eksm.de\/blog\/kirchenkreis\/wp-json\/wp\/v2\/media?parent=174"}],"curies":[{"name":"wp","href":"https:\/\/api.w.org\/{rel}","templated":true}]}}