{"id":181,"date":"2010-09-15T17:39:25","date_gmt":"2010-09-15T15:39:25","guid":{"rendered":"http:\/\/eksm.de\/?page_id=181"},"modified":"2019-10-04T18:41:04","modified_gmt":"2019-10-04T16:41:04","slug":"spenden","status":"publish","type":"page","link":"https:\/\/eksm.de\/blog\/kirchenkreis\/interaktiv\/spenden\/","title":{"rendered":"Spenden"},"content":{"rendered":"<ul>\n<li>Wir sind sehr dankbar, wenn Sie zweckbestimmt durch Geld- oder Sachspenden die Arbeit der Gemeinden und der Diakonie unterst\u00fctzen oder die Erhaltung unserer Kirchen erm\u00f6glichen.<br \/>\nSie erhalten selbstverst\u00e4ndlich eine Spendenbescheinigung f\u00fcr das Finanzamt.<br \/>\nWir freuen uns \u00fcber jede Spende, die die Gemeinde- und Kinder- und Jugendarbeit unterst\u00fctzt. Sie k\u00f6nnen sich jederzeit davon \u00fcberzeugen, dass sie zu dem von Ihnen bestimmten Zweck eingesetzt wird.<\/li>\n<\/ul>\n<ul>\n<li>Wir haben in unseren Gemeinden auch besondere Projekte, f\u00fcr die manchmal \u00fcber Jahre um Spenden gebeten wird. Wir haben uns vorgenommen, den einzigartigen Charakter und den Charme unserer Kirche zu erhalten. Dieses ist oft sehr kostenintensiv. Wir m\u00f6chten Ihnen diese Spendenzwecke besonders ans Herz legen und bedanken uns f\u00fcr ihre Bem\u00fchungen.<\/li>\n<li>Wenn Sie sich daf\u00fcr interessieren, bestimmte Projekte zu unterst\u00fctzen, k\u00f6nnen Sie sich sehr gern auch an unseren Dekan Ralf Gebauer wenden.<\/li>\n<\/ul>\n","protected":false},"excerpt":{"rendered":"<div class=\"mh-excerpt\"><p>Wir sind sehr dankbar, wenn Sie zweckbestimmt durch Geld- oder Sachspenden die Arbeit der Gemeinden und der Diakonie unterst\u00fctzen oder die Erhaltung unserer Kirchen erm\u00f6glichen. Sie erhalten selbstverst\u00e4ndlich eine Spendenbescheinigung f\u00fcr das Finanzamt. Wir freuen <a class=\"mh-excerpt-more\" href=\"https:\/\/eksm.de\/blog\/kirchenkreis\/interaktiv\/spenden\/\" title=\"Spenden\">[&#8230; weiterlesen]<\/a><\/p>\n<\/div>","protected":false},"author":1,"featured_media":0,"parent":19,"menu_order":0,"comment_status":"closed","ping_status":"closed","template":"","meta":{"ngg_post_thumbnail":0,"footnotes":""},"class_list":["post-181","page","type-page","status-publish"],"_links":{"self":[{"href":"https:\/\/eksm.de\/blog\/kirchenkreis\/wp-json\/wp\/v2\/pages\/181","targetHints":{"allow":["GET"]}}],"collection":[{"href":"https:\/\/eksm.de\/blog\/kirchenkreis\/wp-json\/wp\/v2\/pages"}],"about":[{"href":"https:\/\/eksm.de\/blog\/kirchenkreis\/wp-json\/wp\/v2\/types\/page"}],"author":[{"embeddable":true,"href":"https:\/\/eksm.de\/blog\/kirchenkreis\/wp-json\/wp\/v2\/users\/1"}],"replies":[{"embeddable":true,"href":"https:\/\/eksm.de\/blog\/kirchenkreis\/wp-json\/wp\/v2\/comments?post=181"}],"version-history":[{"count":3,"href":"https:\/\/eksm.de\/blog\/kirchenkreis\/wp-json\/wp\/v2\/pages\/181\/revisions"}],"predecessor-version":[{"id":2771,"href":"https:\/\/eksm.de\/blog\/kirchenkreis\/wp-json\/wp\/v2\/pages\/181\/revisions\/2771"}],"up":[{"embeddable":true,"href":"https:\/\/eksm.de\/blog\/kirchenkreis\/wp-json\/wp\/v2\/pages\/19"}],"wp:attachment":[{"href":"https:\/\/eksm.de\/blog\/kirchenkreis\/wp-json\/wp\/v2\/media?parent=181"}],"curies":[{"name":"wp","href":"https:\/\/api.w.org\/{rel}","templated":true}]}}