{"id":19,"date":"2010-08-16T01:14:10","date_gmt":"2010-08-15T23:14:10","guid":{"rendered":"http:\/\/eksm.de\/?page_id=19"},"modified":"2025-04-14T13:42:12","modified_gmt":"2025-04-14T11:42:12","slug":"interaktiv","status":"publish","type":"page","link":"https:\/\/eksm.de\/blog\/kirchenkreis\/interaktiv\/","title":{"rendered":"Ratgeber"},"content":{"rendered":"\n<figure class=\"wp-block-gallery has-nested-images columns-default is-cropped wp-block-gallery-1 is-layout-flex wp-block-gallery-is-layout-flex\">\n<figure class=\"wp-block-image size-large\"><img loading=\"lazy\" decoding=\"async\" width=\"1024\" height=\"341\" data-id=\"5379\" src=\"https:\/\/eksm.de\/blog\/kirchenkreis\/wp-content\/uploads\/2025\/04\/Ratgeber_Canva-Pro_Kirchenkreis-SM-1024x341.jpg\" alt=\"\" class=\"wp-image-5379\" srcset=\"https:\/\/eksm.de\/blog\/kirchenkreis\/wp-content\/uploads\/2025\/04\/Ratgeber_Canva-Pro_Kirchenkreis-SM-1024x341.jpg 1024w, https:\/\/eksm.de\/blog\/kirchenkreis\/wp-content\/uploads\/2025\/04\/Ratgeber_Canva-Pro_Kirchenkreis-SM-300x100.jpg 300w, https:\/\/eksm.de\/blog\/kirchenkreis\/wp-content\/uploads\/2025\/04\/Ratgeber_Canva-Pro_Kirchenkreis-SM-150x50.jpg 150w, https:\/\/eksm.de\/blog\/kirchenkreis\/wp-content\/uploads\/2025\/04\/Ratgeber_Canva-Pro_Kirchenkreis-SM-768x256.jpg 768w, https:\/\/eksm.de\/blog\/kirchenkreis\/wp-content\/uploads\/2025\/04\/Ratgeber_Canva-Pro_Kirchenkreis-SM.jpg 1200w\" sizes=\"auto, (max-width: 1024px) 100vw, 1024px\" \/><\/figure>\n<\/figure>\n\n\n<p>&nbsp;<\/p>\n<p class=\"bodytext\">Das Leben ist voller besonderer Momente und \u00dcberg\u00e4nge. Freude und <a href=\"https:\/\/eksm.de\/blog\/kirchenkreis\/?page_id=176\">Trauer<\/a>, Anfang und Ende geh\u00f6ren zu jedem Leben dazu. Dazu kann ein neuer Lebensort geh\u00f6ren, die Geburt eines Kindes, der <a href=\"https:\/\/eksm.de\/blog\/kirchenkreis\/?page_id=174\">Entschluss, das Leben zuk\u00fcnftig gemeinsam zu gestalten<\/a> aber eben auch, wenn ein geliebter Mensch stirbt oder das Leben zweifelhaft wird. F\u00fcr alle diese Situationen und Ereignissen m\u00f6chte die evangelische Kirche ein Begleiter f\u00fcr Sie sein.<\/p>\n<p class=\"bodytext\">Sie h\u00e4lt verschiedene Angebote bereit, mit denen das Leben begleitet, gedeutet, gefeiert, gest\u00fctzt, bewahrt und wertgesch\u00e4tzt wird. Kirchliche Begleitung beginnt oft schon vor der <a href=\"https:\/\/eksm.de\/blog\/kirchenkreis\/?page_id=173\">Taufe<\/a> und h\u00f6rt mit der Beerdigung nicht immer auf. Wir sind f\u00fcr Sie da!<\/p>\n<p>Sie m\u00f6chten Kontakt mit der Gemeinde aufnehmen oder w\u00fcnschen einen Besuch der Pfarrerin oder des Pfarrers? Eine \u00dcbersicht finden Sie&nbsp;<a href=\"https:\/\/eksm.de\/blog\/kirchenkreis\/?page_id=102\">hier<\/a>.<\/p>\n\n\n<p><\/p>\n","protected":false},"excerpt":{"rendered":"<div class=\"mh-excerpt\"><p>&nbsp; Das Leben ist voller besonderer Momente und \u00dcberg\u00e4nge. Freude und Trauer, Anfang und Ende geh\u00f6ren zu jedem Leben dazu. Dazu kann ein neuer Lebensort geh\u00f6ren, die Geburt eines Kindes, der Entschluss, das Leben zuk\u00fcnftig <a class=\"mh-excerpt-more\" href=\"https:\/\/eksm.de\/blog\/kirchenkreis\/interaktiv\/\" title=\"Ratgeber\">[&#8230; weiterlesen]<\/a><\/p>\n<\/div>","protected":false},"author":1,"featured_media":0,"parent":0,"menu_order":4,"comment_status":"closed","ping_status":"closed","template":"","meta":{"ngg_post_thumbnail":0,"footnotes":""},"class_list":["post-19","page","type-page","status-publish"],"_links":{"self":[{"href":"https:\/\/eksm.de\/blog\/kirchenkreis\/wp-json\/wp\/v2\/pages\/19","targetHints":{"allow":["GET"]}}],"collection":[{"href":"https:\/\/eksm.de\/blog\/kirchenkreis\/wp-json\/wp\/v2\/pages"}],"about":[{"href":"https:\/\/eksm.de\/blog\/kirchenkreis\/wp-json\/wp\/v2\/types\/page"}],"author":[{"embeddable":true,"href":"https:\/\/eksm.de\/blog\/kirchenkreis\/wp-json\/wp\/v2\/users\/1"}],"replies":[{"embeddable":true,"href":"https:\/\/eksm.de\/blog\/kirchenkreis\/wp-json\/wp\/v2\/comments?post=19"}],"version-history":[{"count":13,"href":"https:\/\/eksm.de\/blog\/kirchenkreis\/wp-json\/wp\/v2\/pages\/19\/revisions"}],"predecessor-version":[{"id":5461,"href":"https:\/\/eksm.de\/blog\/kirchenkreis\/wp-json\/wp\/v2\/pages\/19\/revisions\/5461"}],"wp:attachment":[{"href":"https:\/\/eksm.de\/blog\/kirchenkreis\/wp-json\/wp\/v2\/media?parent=19"}],"curies":[{"name":"wp","href":"https:\/\/api.w.org\/{rel}","templated":true}]}}