{"id":4337,"date":"2023-04-26T20:00:39","date_gmt":"2023-04-26T18:00:39","guid":{"rendered":"https:\/\/eksm.de\/?page_id=4337"},"modified":"2025-03-24T13:42:17","modified_gmt":"2025-03-24T12:42:17","slug":"sie-moegen-musik-auch-wenn-sie-laut-ist","status":"publish","type":"page","link":"https:\/\/eksm.de\/blog\/kirchenkreis\/sie-moegen-musik-auch-wenn-sie-laut-ist\/","title":{"rendered":"Kirchenmusiker werden"},"content":{"rendered":"\n<p><strong>Du spielst bereits Orgel?<\/strong><br>Dann bist du bei uns genau richtig! F\u00fcr die Gottesdienste im Ev. Kirchenkreis Schmalkalden suchen wir Organisten. Das Orgelspielen w\u00e4hrend der Gottesdienste wird sogar finanziell verg\u00fctet. Willkommen sind auch Sch\u00fcler der Musikschule.<br><br><strong>Wir bilden auch aus oder weiter!<\/strong><br>Du spielst bereits Klavier, m\u00f6chtest dar\u00fcber hinaus jedoch lernen, mit der Orgel den Ton anzugeben, um Ch\u00f6re oder Gemeinden zu begleiten bzw. spielst schon Orgel, willst aber das Pedalspiel erlernen? Oder hast du bereits Vorerfahrungen darin, in Ch\u00f6ren zwar mitzusingen, aber nun willst du dich gerne zum Leiten von (Kinder-)Ch\u00f6ren ausbilden lassen?<\/p>\n\n\n\n<p>All dies kannst du bei uns erlernen. Du bringst die entsprechenden musikalischen Vorkenntnisse mit und wir bilden dich zur Organistin\/ zum Organisten oder zur Chorleiterin\/ zum Chorleiter aus.<br><br>Weitere Infos zur <a href=\"https:\/\/eksm.de\/?page_id=2468\" data-type=\"page\" data-id=\"2468\">Orgelmusik<\/a>.<\/p>\n\n\n\n<p><em><a><em>Wenn wir dein Interesse geweckt haben und du weitere Informationen hierzu ben\u00f6tigst, melde dich bitte bei Kantor Andreas Conrad unter andreas.conrad@ekkw.de<\/em><\/a><\/em><\/p>\n\n\n\n<p><strong>Das Mitsingen und Musizieren in Gruppen ist nicht so dein Ding, aber gelegentlich w\u00fcrdest du gerne etwas f\u00fcr die Kirchenmusik an St. Georg tun? <\/strong><br>Wir suchen Menschen, die Musik lieben und uns ehrenamtlich bei der Bewerbung unserer Konzerte und Veranstaltung unterst\u00fctzen f\u00fcr ein \u201eTEAM Kirchenmusik\u201c. Plakate aufh\u00e4ngen, Flyer verteilen und Tickets verkaufen oder rundherum bei der Organisation helfen. Wenn du dabei noch ein freundliches L\u00e4cheln auf den Lippen hast, bist du bei uns richtig.<\/p>\n\n\n\n<p><\/p>\n","protected":false},"excerpt":{"rendered":"<div class=\"mh-excerpt\"><p>Du spielst bereits Orgel?Dann bist du bei uns genau richtig! F\u00fcr die Gottesdienste im Ev. Kirchenkreis Schmalkalden suchen wir Organisten. Das Orgelspielen w\u00e4hrend der Gottesdienste wird sogar finanziell verg\u00fctet. Willkommen sind auch Sch\u00fcler der Musikschule. <a class=\"mh-excerpt-more\" href=\"https:\/\/eksm.de\/blog\/kirchenkreis\/sie-moegen-musik-auch-wenn-sie-laut-ist\/\" title=\"Kirchenmusiker werden\">[&#8230; weiterlesen]<\/a><\/p>\n<\/div>","protected":false},"author":2528,"featured_media":0,"parent":0,"menu_order":0,"comment_status":"closed","ping_status":"closed","template":"","meta":{"ngg_post_thumbnail":0,"footnotes":""},"class_list":["post-4337","page","type-page","status-publish"],"_links":{"self":[{"href":"https:\/\/eksm.de\/blog\/kirchenkreis\/wp-json\/wp\/v2\/pages\/4337","targetHints":{"allow":["GET"]}}],"collection":[{"href":"https:\/\/eksm.de\/blog\/kirchenkreis\/wp-json\/wp\/v2\/pages"}],"about":[{"href":"https:\/\/eksm.de\/blog\/kirchenkreis\/wp-json\/wp\/v2\/types\/page"}],"author":[{"embeddable":true,"href":"https:\/\/eksm.de\/blog\/kirchenkreis\/wp-json\/wp\/v2\/users\/2528"}],"replies":[{"embeddable":true,"href":"https:\/\/eksm.de\/blog\/kirchenkreis\/wp-json\/wp\/v2\/comments?post=4337"}],"version-history":[{"count":5,"href":"https:\/\/eksm.de\/blog\/kirchenkreis\/wp-json\/wp\/v2\/pages\/4337\/revisions"}],"predecessor-version":[{"id":5223,"href":"https:\/\/eksm.de\/blog\/kirchenkreis\/wp-json\/wp\/v2\/pages\/4337\/revisions\/5223"}],"wp:attachment":[{"href":"https:\/\/eksm.de\/blog\/kirchenkreis\/wp-json\/wp\/v2\/media?parent=4337"}],"curies":[{"name":"wp","href":"https:\/\/api.w.org\/{rel}","templated":true}]}}