{"id":78,"date":"2010-09-13T14:00:05","date_gmt":"2010-09-13T12:00:05","guid":{"rendered":"http:\/\/eksm.de\/?page_id=78"},"modified":"2025-01-29T10:50:21","modified_gmt":"2025-01-29T09:50:21","slug":"ev-kindergrten","status":"publish","type":"page","link":"https:\/\/eksm.de\/blog\/kirchenkreis\/adressen\/ev-kindergrten\/","title":{"rendered":"Ev. Kinderg\u00e4rten im Kirchenkreis"},"content":{"rendered":"\n<h4 class=\"wp-block-heading\"><u>Barchfeld <\/u><\/h4>\n\n\n\n<p>Evangelischer Kindergarten Barchfeld<br>Diakonissenweg 2<br>36456 Barchfeld<\/p>\n\n\n\n<p>Leiter: Christian M\u00f6cker<br>Tel: 036961 44 272<br>Fax \u00fcber Pfarramt Barchfeld: 036961 69 83 9<br><a href=\"https:\/\/barchfeld.eksm.de\/ev-kindergarten-barchfeld\/neuer-kindergartenleiter-im-ev-kindergarten-barchfeld-christian-moecker-stellt-sich-vor\/\">Neuer Leiter im Ev. Kindergarten Barchfeld: Christian M\u00f6cker stellt sich vor \u2013 Evangelische Kirchengemeinde Barchfeld &amp; Herrenbreitungen<\/a><br><a href=\"mailto:ev.kiga.barchfeld@ekkw.de\"><img loading=\"lazy\" decoding=\"async\" width=\"40\" height=\"20\" class=\"wp-image-1100\" style=\"width: 40px;\" src=\"http:\/\/eksm.de\/blog\/kirchenkreis\/wp-content\/uploads\/2010\/09\/Mail-Button.jpg\" alt=\"\" srcset=\"https:\/\/eksm.de\/blog\/kirchenkreis\/wp-content\/uploads\/2010\/09\/Mail-Button.jpg 343w, https:\/\/eksm.de\/blog\/kirchenkreis\/wp-content\/uploads\/2010\/09\/Mail-Button-300x147.jpg 300w\" sizes=\"auto, (max-width: 40px) 100vw, 40px\" \/><\/a><br><\/p>\n\n\n\n<h4 class=\"wp-block-heading\"><u>Brotterode <\/u><\/h4>\n\n\n\n<p>Evangelischer Kneipp Kindergarten &#8222;Fridolin&#8220;<br>Schmalkalder Stra\u00dfe 57a&nbsp;&nbsp;<br>98596 Brotterode-Trusetal<\/p>\n\n\n\n<p>Leiterin: Doreen Schellenberg<br>Tel: 036840 32 228<br>Fax \u00fcber Pfarramt Brotterode: 036840 32 140<\/p>\n\n\n\n<p><a href=\"mailto:brotterode.kindergarten@ekkw.de\"><img loading=\"lazy\" decoding=\"async\" width=\"40\" height=\"20\" class=\"wp-image-1100\" style=\"width: 40px;\" src=\"http:\/\/eksm.de\/blog\/kirchenkreis\/wp-content\/uploads\/2010\/09\/Mail-Button.jpg\" alt=\"\" srcset=\"https:\/\/eksm.de\/blog\/kirchenkreis\/wp-content\/uploads\/2010\/09\/Mail-Button.jpg 343w, https:\/\/eksm.de\/blog\/kirchenkreis\/wp-content\/uploads\/2010\/09\/Mail-Button-300x147.jpg 300w\" sizes=\"auto, (max-width: 40px) 100vw, 40px\" \/><\/a>        <a href=\"http:\/\/www.KindergartenBrotterode.de\">Homepage<\/a><br><\/p>\n\n\n\n<h4 class=\"wp-block-heading\"><u>Fambach <\/u><\/h4>\n\n\n\n<p>Evangelischer Kindergarten &#8222;Katharinenheim&#8220; Fambach<br>Schulweg 20<br>98597 Fambach<\/p>\n\n\n\n<p>Leiterin: Christine Ulbrich<br>Tel: 036848 21 784<br>Fax \u00fcber Pfarramt Fambach: 036848 33 913<\/p>\n\n\n\n<p><a href=\"mailto:ev.kiga.fambach@ekkw.de\"><img loading=\"lazy\" decoding=\"async\" width=\"40\" height=\"20\" class=\"wp-image-1100\" style=\"width: 40px;\" src=\"http:\/\/eksm.de\/blog\/kirchenkreis\/wp-content\/uploads\/2010\/09\/Mail-Button.jpg\" alt=\"\" srcset=\"https:\/\/eksm.de\/blog\/kirchenkreis\/wp-content\/uploads\/2010\/09\/Mail-Button.jpg 343w, https:\/\/eksm.de\/blog\/kirchenkreis\/wp-content\/uploads\/2010\/09\/Mail-Button-300x147.jpg 300w\" sizes=\"auto, (max-width: 40px) 100vw, 40px\" \/><\/a><br><\/p>\n\n\n\n<h4 class=\"wp-block-heading\"><u>Schmalkalden-Pfaffengasse <\/u><\/h4>\n\n\n\n<p>Evangelischer Kindergarten &#8222;Friedrich Fr\u00f6bel&#8220;<br>Pfaffengasse 17<br>98574 Schmalkalden<\/p>\n\n\n\n<p>Leiterin: Susanne Kind<br>Tel: 03683 40 32 32<br>Fax \u00fcber Gemeindeb\u00fcro SM: 03683 40 74 33<\/p>\n\n\n\n<p><a href=\"mailto:ev.kiga.pfaffengasse.sm@ekkw.de\"><img loading=\"lazy\" decoding=\"async\" width=\"40\" height=\"20\" class=\"wp-image-1100\" style=\"width: 40px;\" src=\"http:\/\/eksm.de\/blog\/kirchenkreis\/wp-content\/uploads\/2010\/09\/Mail-Button.jpg\" alt=\"\" srcset=\"https:\/\/eksm.de\/blog\/kirchenkreis\/wp-content\/uploads\/2010\/09\/Mail-Button.jpg 343w, https:\/\/eksm.de\/blog\/kirchenkreis\/wp-content\/uploads\/2010\/09\/Mail-Button-300x147.jpg 300w\" sizes=\"auto, (max-width: 40px) 100vw, 40px\" \/><\/a>       <a href=\"http:\/\/kirchengemeinde-schmalkalden.de\/index.php\/kindergarten\/pfaffengasse\">Homepage<\/a><br><br><\/p>\n\n\n\n<h4 class=\"wp-block-heading\"><u>Schmalkalden-Sonnenschein <\/u><\/h4>\n\n\n\n<p>Evangelischer Kindergarten &#8222;Sonnenschein&#8220;<br>Gothaer Stra\u00dfe 21<br>98574 Schmalkalden<\/p>\n\n\n\n<p>Leiterin: Andrea Kretschmann<br>Tel.: 03683 40 21 26<br>Fax \u00fcber Gemeindeb\u00fcro SM: 03683 40 74 33<\/p>\n\n\n\n<p><a href=\"mailto:ev.kiga.sonnenschein.sm@ekkw.de\"><img loading=\"lazy\" decoding=\"async\" width=\"40\" height=\"20\" class=\"wp-image-1100\" style=\"width: 40px;\" src=\"http:\/\/eksm.de\/blog\/kirchenkreis\/wp-content\/uploads\/2010\/09\/Mail-Button.jpg\" alt=\"\" srcset=\"https:\/\/eksm.de\/blog\/kirchenkreis\/wp-content\/uploads\/2010\/09\/Mail-Button.jpg 343w, https:\/\/eksm.de\/blog\/kirchenkreis\/wp-content\/uploads\/2010\/09\/Mail-Button-300x147.jpg 300w\" sizes=\"auto, (max-width: 40px) 100vw, 40px\" \/><\/a>       <a href=\"http:\/\/kirchengemeinde-schmalkalden.de\/index.php\/kindergarten\/sonnenschein\">Homepage<\/a><br><br><\/p>\n\n\n\n<h4 class=\"wp-block-heading\"><u>Steinbach-Hallenberg <\/u><\/h4>\n\n\n\n<p>Evangelischer Kindergarten Steinbach-Hallenberg<br>Bismarckstra\u00dfe 47<br>98587 Steinbach-Hallenberg<\/p>\n\n\n\n<p>Leiterin: Kerstin Holland-Nell<br>Tel: 036847 30 919<br>Fax \u00fcber Gemeindeb\u00fcro Steinbach-Hallenberg: 036847 42 496<\/p>\n\n\n\n<p><a href=\"mailto:Steinbach-Hallenberg.Kindergarten@ekkw.de\"><img loading=\"lazy\" decoding=\"async\" width=\"40\" height=\"20\" class=\"wp-image-1100\" style=\"width: 40px;\" src=\"http:\/\/eksm.de\/blog\/kirchenkreis\/wp-content\/uploads\/2010\/09\/Mail-Button.jpg\" alt=\"\" srcset=\"https:\/\/eksm.de\/blog\/kirchenkreis\/wp-content\/uploads\/2010\/09\/Mail-Button.jpg 343w, https:\/\/eksm.de\/blog\/kirchenkreis\/wp-content\/uploads\/2010\/09\/Mail-Button-300x147.jpg 300w\" sizes=\"auto, (max-width: 40px) 100vw, 40px\" \/><\/a><br><\/p>\n\n\n\n<h4 class=\"wp-block-heading\"><u>Trusetal <\/u><\/h4>\n\n\n\n<p>Evangelischer Kindergarten &#8222;Linsenwiese&#8220; Trusetal<br>Linsenwiese 21<br>98596 Brotterode-Trusetal<\/p>\n\n\n\n<p>Leiterin: Petra F\u00f6rster&nbsp;&nbsp;<br>Tel.: 036840 40 19 60<br>Fax: 036840 40 19 61<\/p>\n\n\n\n<p><a href=\"mailto:ev.kiga.trusetal@ekkw.de\"><img loading=\"lazy\" decoding=\"async\" width=\"40\" height=\"20\" class=\"wp-image-1100\" style=\"width: 40px;\" src=\"http:\/\/eksm.de\/blog\/kirchenkreis\/wp-content\/uploads\/2010\/09\/Mail-Button.jpg\" alt=\"\" srcset=\"https:\/\/eksm.de\/blog\/kirchenkreis\/wp-content\/uploads\/2010\/09\/Mail-Button.jpg 343w, https:\/\/eksm.de\/blog\/kirchenkreis\/wp-content\/uploads\/2010\/09\/Mail-Button-300x147.jpg 300w\" sizes=\"auto, (max-width: 40px) 100vw, 40px\" \/><\/a><br><\/p>\n\n\n\n<p>Die Arbeit mit Kindern hat in unserem Kirchenkreis eine lange und lebendige Tradition.<br>Drei evangelische Kinderg\u00e4rten blicken bereits auf eine mehr als hundertj\u00e4hrige Geschichte zur\u00fcck. Als Kinderbewahranstalt (Schmalkalden) bzw. Kinderschulen waren sie wegweisend in ihrer Zeit, um die Kinder in ihrer Eigenart und Einzigartigkeit anzunehmen.<\/p>\n\n\n\n<p>So der Kindergarten Pfaffengasse in Schmalkalden (1877), der Kindergarten&nbsp; Steinbach Hallenberg, im Dietrich-Bonhoeffer-Haus (1895) sowie der Evangelische Kindergarten in Barchfeld (1902). Diakonissen aus Frankfurt leisteten hier eine beispielgebende Arbeit.<\/p>\n\n\n\n<p>In der \u201eDDR \u2013 Zeit\u201c war es f\u00fcr die Gemeinden, sowie unserem Kirchenkreis eine echte Herausforderung, diese Einrichtungen zu erhalten, da es keinerlei Zusch\u00fcsse gab, w\u00e4hrend die staatlichen Einrichtungen voll finanziert wurden.<\/p>\n\n\n\n<p>So ist es gelungen, diese Inseln im atheistisch gepr\u00e4gten Umfeld zu erhalten. Die Kinderdiakoninnen wurden meist im Seminar f\u00fcr kirchlichen Dienst in Eisenach ausgebildet.<\/p>\n\n\n\n<p>Nach der \u201eWende\u201c (1990\/91) \u00fcbernahmen weitere&nbsp; Kirchengemeinden Kinderg\u00e4rten in ihre Tr\u00e4gerschaft. So gibt es heute zus\u00e4tzlich zu den drei Erw\u00e4hnten , einen Kindergarten in<\/p>\n\n\n\n<p>Brotterode,<br>Fambach,<br>Schmalkalden \u2013 Kindergarten Sonnenschein und <br>Trusetal.<\/p>\n\n\n\n<p>Alle Einrichtungen bieten den Eltern eine ganzt\u00e4gige Betreuung an. So k\u00f6nnen die Kinder von klein auf christliche Traditionen kennen lernen und behutsam hineinwachsen. Die Gemeinden begleiten die Kinder in der nachfolgenden Zeit gezielt&nbsp; in einer christlichen Kinder- und Jugendarbeit, die durch den schulischen Religionsunterricht sinnvoll erg\u00e4nzt wird. Hier wurden mit der Christenlehre jahrzehntelang bereits neue Wege erprobt.<\/p>\n","protected":false},"excerpt":{"rendered":"<div class=\"mh-excerpt\"><p>Barchfeld Evangelischer Kindergarten BarchfeldDiakonissenweg 236456 Barchfeld Leiter: Christian M\u00f6ckerTel: 036961 44 272Fax \u00fcber Pfarramt Barchfeld: 036961 69 83 9Neuer Leiter im Ev. Kindergarten Barchfeld: Christian M\u00f6cker stellt sich vor \u2013 Evangelische Kirchengemeinde Barchfeld &amp; Herrenbreitungen <a class=\"mh-excerpt-more\" href=\"https:\/\/eksm.de\/blog\/kirchenkreis\/adressen\/ev-kindergrten\/\" title=\"Ev. Kinderg\u00e4rten im Kirchenkreis\">[&#8230; weiterlesen]<\/a><\/p>\n<\/div>","protected":false},"author":2528,"featured_media":0,"parent":22,"menu_order":0,"comment_status":"closed","ping_status":"closed","template":"","meta":{"ngg_post_thumbnail":0,"footnotes":""},"class_list":["post-78","page","type-page","status-publish"],"_links":{"self":[{"href":"https:\/\/eksm.de\/blog\/kirchenkreis\/wp-json\/wp\/v2\/pages\/78","targetHints":{"allow":["GET"]}}],"collection":[{"href":"https:\/\/eksm.de\/blog\/kirchenkreis\/wp-json\/wp\/v2\/pages"}],"about":[{"href":"https:\/\/eksm.de\/blog\/kirchenkreis\/wp-json\/wp\/v2\/types\/page"}],"author":[{"embeddable":true,"href":"https:\/\/eksm.de\/blog\/kirchenkreis\/wp-json\/wp\/v2\/users\/2528"}],"replies":[{"embeddable":true,"href":"https:\/\/eksm.de\/blog\/kirchenkreis\/wp-json\/wp\/v2\/comments?post=78"}],"version-history":[{"count":21,"href":"https:\/\/eksm.de\/blog\/kirchenkreis\/wp-json\/wp\/v2\/pages\/78\/revisions"}],"predecessor-version":[{"id":5153,"href":"https:\/\/eksm.de\/blog\/kirchenkreis\/wp-json\/wp\/v2\/pages\/78\/revisions\/5153"}],"up":[{"embeddable":true,"href":"https:\/\/eksm.de\/blog\/kirchenkreis\/wp-json\/wp\/v2\/pages\/22"}],"wp:attachment":[{"href":"https:\/\/eksm.de\/blog\/kirchenkreis\/wp-json\/wp\/v2\/media?parent=78"}],"curies":[{"name":"wp","href":"https:\/\/api.w.org\/{rel}","templated":true}]}}