{"id":91,"date":"2010-09-13T14:48:18","date_gmt":"2010-09-13T12:48:18","guid":{"rendered":"http:\/\/eksm.de\/?page_id=91"},"modified":"2025-04-10T13:40:31","modified_gmt":"2025-04-10T11:40:31","slug":"notfallseelsorge","status":"publish","type":"page","link":"https:\/\/eksm.de\/blog\/kirchenkreis\/adressen\/notfallseelsorge\/","title":{"rendered":"Notfallseelsorge"},"content":{"rendered":"\n<h4 class=\"wp-block-heading\">Erste Hilfe f\u00fcr die Seele in Notf\u00e4llen und Krisensituationen<\/h4>\n\n\n\n<p>\u2022 Die Notfallseelsorge ist ein Bereitschaftsdienst evangelischer Pfarrerinnen und Pfarrer sowie engagierter Laienmitarbeiter im Kirchenkreis Schmalkalden (= Altkreis Schmalkalden).<br>\u2022 Jeweils zwei Seelsorgerinnen bzw. Seelsorger sind rund um die Uhr \u00fcber Funkmeldeempf\u00e4nger zu erreichen. Die Alarmierung erfolgt ausschlie\u00dflich \u00fcber die Rettungsleitstelle des Landkreises Schmalkalden- Meiningen (112).<br>\u2022 Die alarmierten Seelsorgerinnen und Seelsorger versuchen zuerst, Seelsorge vor Ort zu organisieren. Gelingt das nicht sofort, kommen sie selbst.<br>\u2022 Die Mitarbeitenden in der Notfallseelsorge sind an die pfarramtliche Schweigepflicht gebunden. Sie sind ausgebildet und erfahren in menschlicher Begleitung, der Seelsorge.<br>\u2022 Sie helfen ohne Ansehen der Person oder der&nbsp; Konfession.<br>\u2022 Sie sind f\u00fcr Sie da, wenn Sie menschliche Begleitung f\u00fcr andere oder f\u00fcr sich selbst brauchen, und haben Zeit.<\/p>\n\n\n\n<h4 class=\"wp-block-heading\">Menschliche Begleitung und Hilfe rund um die Uhr<\/h4>\n\n\n\n<p>\u2022 f\u00fcr Hinterbliebene nach einer erfolglosen Reanimation<br>\u2022 f\u00fcr Angeh\u00f6rige beim \u00dcberbringen von Todesnachrichten<br>\u2022 f\u00fcr Schwerverletzte und Sterbende<br>\u2022 f\u00fcr unverletzte Betroffene und Zeugen von Unf\u00e4llen, Br\u00e4nden und anderen besonders belastenden Erlebnissen, auch schon w\u00e4hrend der Wartezeiten<br>\u2022 f\u00fcr Menschen, die sich das Leben nehmen wollen<br>\u2022 f\u00fcr Mitarbeitende in den Rettungsdiensten, der Polizei, den Feuerwehren in und nach besonders belastenden Eins\u00e4tzen<br>\u2022 f\u00fcr Menschen, die unverschuldet oder schuldhaft einen Unfall verursacht haben<br>\u2022 f\u00fcr Opfer von Gewalt<br>\u2022 f\u00fcr Betroffene und Helfende bei der Suche<br>nach Vermissten<\/p>\n\n\n\n<p><strong>Alarmierung ausschlie\u00dflich \u00fcber die Rettungsleitstelle des Landkreises Schmalkalden-Meiningen.<\/strong> <strong><mark style=\"background-color:rgba(0, 0, 0, 0)\" class=\"has-inline-color has-vivid-red-color\">Tel.: 112<\/mark><\/strong><\/p>\n\n\n\n<h6 class=\"wp-block-heading\"><strong>Kontaktadresse:<br>Pfarrer Christoph Nordmeyer<br>Pfarramt <br>Hauptstra\u00dfe 15<br>98574 Schmalkalden \/ OT Haindorf<\/strong><\/h6>\n\n\n\n<p>Tel.: 036940 405626<br><a href=\"mailto:christoph.nordmeyer@ekkw.de\"><img loading=\"lazy\" decoding=\"async\" width=\"40\" height=\"20\" class=\"wp-image-1100\" style=\"width: 40px;\" src=\"http:\/\/eksm.de\/blog\/kirchenkreis\/wp-content\/uploads\/2010\/09\/Mail-Button.jpg\" alt=\"\" srcset=\"https:\/\/eksm.de\/blog\/kirchenkreis\/wp-content\/uploads\/2010\/09\/Mail-Button.jpg 343w, https:\/\/eksm.de\/blog\/kirchenkreis\/wp-content\/uploads\/2010\/09\/Mail-Button-300x147.jpg 300w\" sizes=\"auto, (max-width: 40px) 100vw, 40px\" \/><\/a> Christoph.Nordmeyer@ekkw.de<\/p>\n","protected":false},"excerpt":{"rendered":"<div class=\"mh-excerpt\"><p>Erste Hilfe f\u00fcr die Seele in Notf\u00e4llen und Krisensituationen \u2022 Die Notfallseelsorge ist ein Bereitschaftsdienst evangelischer Pfarrerinnen und Pfarrer sowie engagierter Laienmitarbeiter im Kirchenkreis Schmalkalden (= Altkreis Schmalkalden).\u2022 Jeweils zwei Seelsorgerinnen bzw. Seelsorger sind rund <a class=\"mh-excerpt-more\" href=\"https:\/\/eksm.de\/blog\/kirchenkreis\/adressen\/notfallseelsorge\/\" title=\"Notfallseelsorge\">[&#8230; weiterlesen]<\/a><\/p>\n<\/div>","protected":false},"author":2528,"featured_media":0,"parent":22,"menu_order":0,"comment_status":"closed","ping_status":"closed","template":"","meta":{"ngg_post_thumbnail":0,"footnotes":""},"class_list":["post-91","page","type-page","status-publish"],"_links":{"self":[{"href":"https:\/\/eksm.de\/blog\/kirchenkreis\/wp-json\/wp\/v2\/pages\/91","targetHints":{"allow":["GET"]}}],"collection":[{"href":"https:\/\/eksm.de\/blog\/kirchenkreis\/wp-json\/wp\/v2\/pages"}],"about":[{"href":"https:\/\/eksm.de\/blog\/kirchenkreis\/wp-json\/wp\/v2\/types\/page"}],"author":[{"embeddable":true,"href":"https:\/\/eksm.de\/blog\/kirchenkreis\/wp-json\/wp\/v2\/users\/2528"}],"replies":[{"embeddable":true,"href":"https:\/\/eksm.de\/blog\/kirchenkreis\/wp-json\/wp\/v2\/comments?post=91"}],"version-history":[{"count":10,"href":"https:\/\/eksm.de\/blog\/kirchenkreis\/wp-json\/wp\/v2\/pages\/91\/revisions"}],"predecessor-version":[{"id":5396,"href":"https:\/\/eksm.de\/blog\/kirchenkreis\/wp-json\/wp\/v2\/pages\/91\/revisions\/5396"}],"up":[{"embeddable":true,"href":"https:\/\/eksm.de\/blog\/kirchenkreis\/wp-json\/wp\/v2\/pages\/22"}],"wp:attachment":[{"href":"https:\/\/eksm.de\/blog\/kirchenkreis\/wp-json\/wp\/v2\/media?parent=91"}],"curies":[{"name":"wp","href":"https:\/\/api.w.org\/{rel}","templated":true}]}}