{"id":1029,"date":"2013-10-04T18:55:00","date_gmt":"2013-10-04T16:55:00","guid":{"rendered":"http:\/\/eksm.de\/blog\/seligenthal\/?page_id=1029"},"modified":"2014-02-16T19:00:38","modified_gmt":"2014-02-16T18:00:38","slug":"floh","status":"publish","type":"page","link":"https:\/\/eksm.de\/blog\/seligenthal\/?page_id=1029","title":{"rendered":"Floh"},"content":{"rendered":"<p>Die Pfarrkirche Floh wurde 1712 erbaut. Mit ihrem pr\u00e4chtigen Wolkenhimmel z\u00e4hlt sie zu den sch\u00f6nsten Bauernbarockkirchen der Umgebung und kann in der Zeit zwischen dem 1. Mai und dem 30. September in der Zeit von 10:00-18:00 Uhr besichtigt werden. Falls Sie Interesse an einer F\u00fchrung haben, sprechen Sie gerne unseren Kirchenvorsteher Rainer Erbe an, Grummich 1, Tel: 03683-604922.<\/p>\n<p>&nbsp; <a href=\"http:\/\/eksm.de\/blog\/seligenthal\/wp-content\/uploads\/2014\/02\/KircheFlohEingang2.jpg\"><img loading=\"lazy\" decoding=\"async\" style=\"border-bottom: 0px; border-left: 0px; display: inline; border-top: 0px; border-right: 0px\" title=\"Kirche Floh Eingang\" border=\"0\" alt=\"Kirche Floh Eingang\" src=\"http:\/\/eksm.de\/blog\/seligenthal\/wp-content\/uploads\/2014\/02\/KircheFlohEingang_thumb2.jpg\" width=\"119\" height=\"158\"><\/a><a href=\"http:\/\/eksm.de\/blog\/seligenthal\/wp-content\/uploads\/2014\/02\/KircheFlohinnen3.jpg\"><img loading=\"lazy\" decoding=\"async\" style=\"border-bottom: 0px; border-left: 0px; display: inline; border-top: 0px; border-right: 0px\" title=\"Kirche Floh innen\" border=\"0\" alt=\"Kirche Floh innen\" src=\"http:\/\/eksm.de\/blog\/seligenthal\/wp-content\/uploads\/2014\/02\/KircheFlohinnen_thumb3.jpg\" width=\"211\" height=\"158\"><\/a><\/p>\n<p>Das Wahrzeichen von Floh ist eine Porphyrkuppe, der sogenannte \u201cMa\u00dfkopf\u201d (590 m NN), auf dem vor Jahrzehnten eine Wander- bzw. Schutzh\u00fctte errichtet wurde. Floh hat ca. 1550 Einwohner, davon geh\u00f6ren etwa 61% der evangelischen Kirchengemeinde an. Es liegt zwischen 340 m und 400 m \u00fcber NN und ist ein staatlich anerkannter Erholungsort in Th\u00fcringen.<\/p>\n","protected":false},"excerpt":{"rendered":"<div class=\"mh-excerpt\"><p>Die Pfarrkirche Floh wurde 1712 erbaut. Mit ihrem pr\u00e4chtigen Wolkenhimmel z\u00e4hlt sie zu den sch\u00f6nsten Bauernbarockkirchen der Umgebung und kann in der Zeit zwischen dem 1. Mai und dem 30. September in der Zeit von <a class=\"mh-excerpt-more\" href=\"https:\/\/eksm.de\/blog\/seligenthal\/?page_id=1029\" title=\"Floh\">[mehr&#8230;]<\/a><\/p>\n<\/div>","protected":false},"author":1,"featured_media":0,"parent":1038,"menu_order":0,"comment_status":"open","ping_status":"closed","template":"","meta":{"ngg_post_thumbnail":0,"footnotes":""},"class_list":["post-1029","page","type-page","status-publish"],"_links":{"self":[{"href":"https:\/\/eksm.de\/blog\/seligenthal\/index.php?rest_route=\/wp\/v2\/pages\/1029","targetHints":{"allow":["GET"]}}],"collection":[{"href":"https:\/\/eksm.de\/blog\/seligenthal\/index.php?rest_route=\/wp\/v2\/pages"}],"about":[{"href":"https:\/\/eksm.de\/blog\/seligenthal\/index.php?rest_route=\/wp\/v2\/types\/page"}],"author":[{"embeddable":true,"href":"https:\/\/eksm.de\/blog\/seligenthal\/index.php?rest_route=\/wp\/v2\/users\/1"}],"replies":[{"embeddable":true,"href":"https:\/\/eksm.de\/blog\/seligenthal\/index.php?rest_route=%2Fwp%2Fv2%2Fcomments&post=1029"}],"version-history":[{"count":4,"href":"https:\/\/eksm.de\/blog\/seligenthal\/index.php?rest_route=\/wp\/v2\/pages\/1029\/revisions"}],"predecessor-version":[{"id":1569,"href":"https:\/\/eksm.de\/blog\/seligenthal\/index.php?rest_route=\/wp\/v2\/pages\/1029\/revisions\/1569"}],"up":[{"embeddable":true,"href":"https:\/\/eksm.de\/blog\/seligenthal\/index.php?rest_route=\/wp\/v2\/pages\/1038"}],"wp:attachment":[{"href":"https:\/\/eksm.de\/blog\/seligenthal\/index.php?rest_route=%2Fwp%2Fv2%2Fmedia&parent=1029"}],"curies":[{"name":"wp","href":"https:\/\/api.w.org\/{rel}","templated":true}]}}