{"id":13,"date":"2010-03-23T23:34:08","date_gmt":"2010-03-23T22:34:08","guid":{"rendered":"http:\/\/eksm.de\/blog\/seligenthal\/?page_id=13"},"modified":"2014-01-02T14:17:55","modified_gmt":"2014-01-02T13:17:55","slug":"gemeinde","status":"publish","type":"page","link":"https:\/\/eksm.de\/blog\/seligenthal\/?page_id=13","title":{"rendered":"Seligenthal"},"content":{"rendered":"<p><a href=\"http:\/\/eksm.de\/blog\/seligenthal\/wp-content\/uploads\/2010\/03\/kirche1.jpg\"><font size=\"4\"><img loading=\"lazy\" decoding=\"async\" title=\"kirche1\" style=\"border-left-width: 0px; border-right-width: 0px; border-bottom-width: 0px; float: none; margin-left: auto; display: block; border-top-width: 0px; margin-right: auto\" border=\"0\" alt=\"kirche1\" src=\"http:\/\/eksm.de\/blog\/seligenthal\/wp-content\/uploads\/2010\/03\/kirche1_thumb.jpg\" width=\"244\" height=\"269\" \/><\/font><\/a><\/p>\n<p><font size=\"4\">Unser Ort hat (zusammen mit Reichenbach und Hohleborn) ca. 2000 Einwohner. Etwa 75% geh\u00f6ren der evangelischen Kirchengemeinde an.<\/font><\/p>\n<p><font size=\"4\">Unsere <strong><a href=\"http:\/\/eksm.de\/blog\/seligenthal\/?page_id=466\" target=\"_blank\">Dorfkirche<\/a><\/strong> ist 1998 300 Jahre alt geworden und geh\u00f6rt zu den sch\u00f6nsten Kirchen in unserer Gegend. <\/font><font size=\"4\">Eine Besonderheit sind die vielen <strong><a href=\"http:\/\/eksm.de\/blog\/seligenthal\/?page_id=90\" target=\"_blank\">Bilder<\/a><\/strong> an den Emporen und am Kirchenhimmel.      <br \/>Aber auch die <strong><a href=\"http:\/\/eksm.de\/blog\/seligenthal\/?page_id=142\" target=\"_blank\">romantische Orgel<\/a><\/strong> ist sehr ber\u00fchmt. Sie wurde 1873 in Seligenthal von der Firma Peternell erbaut und wurde 1998 restauriert.      <br \/>Deswegen sollten Sie unbedingt einmal zu einem Gottesdienst oder Orgelkonzert in unsere Kirche kommen. Im Winter laden wir in unser sch\u00f6nes Gemeindehaus ein.<\/font><\/p>\n<p><font size=\"4\">Viele Veranstaltungen finden im Gemeindehaus statt.<\/font><\/p>\n<p><a href=\"http:\/\/eksm.de\/blog\/seligenthal\/wp-content\/uploads\/2010\/03\/GemeindehausSeligenthalSommer.jpg\"><img loading=\"lazy\" decoding=\"async\" title=\"Gemeindehaus Seligenthal Sommer\" style=\"border-left-width: 0px; border-right-width: 0px; border-bottom-width: 0px; float: none; margin-left: auto; display: block; border-top-width: 0px; margin-right: auto\" border=\"0\" alt=\"Gemeindehaus Seligenthal Sommer\" src=\"http:\/\/eksm.de\/blog\/seligenthal\/wp-content\/uploads\/2010\/03\/GemeindehausSeligenthalSommer_thumb.jpg\" width=\"462\" height=\"221\" \/><\/a><\/p>\n","protected":false},"excerpt":{"rendered":"<div class=\"mh-excerpt\"><p>Unser Ort hat (zusammen mit Reichenbach und Hohleborn) ca. 2000 Einwohner. Etwa 75% geh\u00f6ren der evangelischen Kirchengemeinde an. Unsere Dorfkirche ist 1998 300 Jahre alt geworden und geh\u00f6rt zu den sch\u00f6nsten Kirchen in unserer Gegend. <a class=\"mh-excerpt-more\" href=\"https:\/\/eksm.de\/blog\/seligenthal\/?page_id=13\" title=\"Seligenthal\">[mehr&#8230;]<\/a><\/p>\n<\/div>","protected":false},"author":1,"featured_media":0,"parent":1038,"menu_order":2,"comment_status":"open","ping_status":"closed","template":"","meta":{"ngg_post_thumbnail":0,"footnotes":""},"class_list":["post-13","page","type-page","status-publish"],"_links":{"self":[{"href":"https:\/\/eksm.de\/blog\/seligenthal\/index.php?rest_route=\/wp\/v2\/pages\/13","targetHints":{"allow":["GET"]}}],"collection":[{"href":"https:\/\/eksm.de\/blog\/seligenthal\/index.php?rest_route=\/wp\/v2\/pages"}],"about":[{"href":"https:\/\/eksm.de\/blog\/seligenthal\/index.php?rest_route=\/wp\/v2\/types\/page"}],"author":[{"embeddable":true,"href":"https:\/\/eksm.de\/blog\/seligenthal\/index.php?rest_route=\/wp\/v2\/users\/1"}],"replies":[{"embeddable":true,"href":"https:\/\/eksm.de\/blog\/seligenthal\/index.php?rest_route=%2Fwp%2Fv2%2Fcomments&post=13"}],"version-history":[{"count":7,"href":"https:\/\/eksm.de\/blog\/seligenthal\/index.php?rest_route=\/wp\/v2\/pages\/13\/revisions"}],"predecessor-version":[{"id":1310,"href":"https:\/\/eksm.de\/blog\/seligenthal\/index.php?rest_route=\/wp\/v2\/pages\/13\/revisions\/1310"}],"up":[{"embeddable":true,"href":"https:\/\/eksm.de\/blog\/seligenthal\/index.php?rest_route=\/wp\/v2\/pages\/1038"}],"wp:attachment":[{"href":"https:\/\/eksm.de\/blog\/seligenthal\/index.php?rest_route=%2Fwp%2Fv2%2Fmedia&parent=13"}],"curies":[{"name":"wp","href":"https:\/\/api.w.org\/{rel}","templated":true}]}}