{"id":1510,"date":"2014-02-15T19:08:57","date_gmt":"2014-02-15T18:08:57","guid":{"rendered":"http:\/\/eksm.de\/blog\/seligenthal\/?page_id=1510"},"modified":"2015-04-01T19:10:11","modified_gmt":"2015-04-01T17:10:11","slug":"gottesdienste","status":"publish","type":"page","link":"https:\/\/eksm.de\/blog\/seligenthal\/?page_id=1510","title":{"rendered":"Gottesdienste"},"content":{"rendered":"<p>Herzliche Einladung zum Gottesdienst immer <strong>sonntags um 10:30 Uhr<\/strong>.<\/p>\n<p><strong>Zwischen Neujahr und Ostern werden die Gottesdienste nicht in der Kirche, sondern im Gemeindehaus gefeiert (Zugang \u00fcber Gartenstra\u00dfe).<\/strong> Die Kirche befindet sich Am H\u00fcgel 3 in Floh.<\/p>\n<h4><\/h4>\n<h4><strong><a href=\"http:\/\/eksm.de\/blog\/seligenthal\/wp-content\/uploads\/2014\/02\/BildKircheFlohinnen.jpg\"><img loading=\"lazy\" decoding=\"async\" style=\"display: inline; border-width: 0px;\" title=\"Bild Kirche Floh innen\" src=\"http:\/\/eksm.de\/blog\/seligenthal\/wp-content\/uploads\/2014\/02\/BildKircheFlohinnen_thumb.jpg\" alt=\"Bild Kirche Floh innen\" width=\"244\" height=\"187\" border=\"0\" \/><\/a><\/strong><\/h4>\n<h4><a href=\"http:\/\/eksm.de\/blog\/seligenthal\/wp-content\/uploads\/2014\/02\/KircheFlohAltar.jpg\"><img loading=\"lazy\" decoding=\"async\" style=\"display: inline; border: 0px;\" title=\"Kirche Floh Altar\" src=\"http:\/\/eksm.de\/blog\/seligenthal\/wp-content\/uploads\/2014\/02\/KircheFlohAltar_thumb.jpg\" alt=\"Kirche Floh Altar\" width=\"184\" height=\"138\" border=\"0\" \/><\/a><\/h4>\n","protected":false},"excerpt":{"rendered":"<div class=\"mh-excerpt\"><p>Herzliche Einladung zum Gottesdienst immer sonntags um 10:30 Uhr. Zwischen Neujahr und Ostern werden die Gottesdienste nicht in der Kirche, sondern im Gemeindehaus gefeiert (Zugang \u00fcber Gartenstra\u00dfe). Die Kirche befindet sich Am H\u00fcgel 3 in <a class=\"mh-excerpt-more\" href=\"https:\/\/eksm.de\/blog\/seligenthal\/?page_id=1510\" title=\"Gottesdienste\">[mehr&#8230;]<\/a><\/p>\n<\/div>","protected":false},"author":1,"featured_media":0,"parent":1029,"menu_order":0,"comment_status":"open","ping_status":"closed","template":"","meta":{"ngg_post_thumbnail":0,"footnotes":""},"class_list":["post-1510","page","type-page","status-publish"],"_links":{"self":[{"href":"https:\/\/eksm.de\/blog\/seligenthal\/index.php?rest_route=\/wp\/v2\/pages\/1510","targetHints":{"allow":["GET"]}}],"collection":[{"href":"https:\/\/eksm.de\/blog\/seligenthal\/index.php?rest_route=\/wp\/v2\/pages"}],"about":[{"href":"https:\/\/eksm.de\/blog\/seligenthal\/index.php?rest_route=\/wp\/v2\/types\/page"}],"author":[{"embeddable":true,"href":"https:\/\/eksm.de\/blog\/seligenthal\/index.php?rest_route=\/wp\/v2\/users\/1"}],"replies":[{"embeddable":true,"href":"https:\/\/eksm.de\/blog\/seligenthal\/index.php?rest_route=%2Fwp%2Fv2%2Fcomments&post=1510"}],"version-history":[{"count":6,"href":"https:\/\/eksm.de\/blog\/seligenthal\/index.php?rest_route=\/wp\/v2\/pages\/1510\/revisions"}],"predecessor-version":[{"id":2298,"href":"https:\/\/eksm.de\/blog\/seligenthal\/index.php?rest_route=\/wp\/v2\/pages\/1510\/revisions\/2298"}],"up":[{"embeddable":true,"href":"https:\/\/eksm.de\/blog\/seligenthal\/index.php?rest_route=\/wp\/v2\/pages\/1029"}],"wp:attachment":[{"href":"https:\/\/eksm.de\/blog\/seligenthal\/index.php?rest_route=%2Fwp%2Fv2%2Fmedia&parent=1510"}],"curies":[{"name":"wp","href":"https:\/\/api.w.org\/{rel}","templated":true}]}}