{"id":2827,"date":"2016-03-05T18:25:37","date_gmt":"2016-03-05T17:25:37","guid":{"rendered":"http:\/\/eksm.de\/blog\/seligenthal\/?page_id=2827"},"modified":"2017-08-30T14:36:22","modified_gmt":"2017-08-30T12:36:22","slug":"die-kirche-in-struth-helmershof","status":"publish","type":"page","link":"https:\/\/eksm.de\/blog\/seligenthal\/?page_id=2827","title":{"rendered":"Die Kirche in Struth-Helmershof"},"content":{"rendered":"<p><strong>Die Kirche in Struth-Helmershof<br \/>\n<\/strong><\/p>\n<p>Die in ihrer Innenausstattung nach dem Beispiel des sogenannten Bauernbarock gestaltete Kirche wurde in den Jahren 1765-1767 erbaut. Die Grundsteinlegung war am 14. August 1765. Der erste Gottesdienst konnte am 12. Sonntag nach Trinitatis im Jahr 1767 gehalten werden. Die Baukosten beliefen sich auf 5000 Reichstaler.<\/p>\n<p><a href=\"http:\/\/eksm.de\/blog\/seligenthal\/wp-content\/uploads\/2017\/08\/Vortrag-Geschichte-Kirche-Struth-Pfr.-Brandt.pdf\"><strong><em>Lesen Sie hier den Vortrag von Pfr. Brandt anl\u00e4sslich des 250-j\u00e4hrigen Kirchenjubil\u00e4ums<\/em><\/strong><\/a><\/p>\n<p><a href=\"http:\/\/eksm.de\/blog\/seligenthal\/wp-content\/uploads\/2016\/03\/Kirche-Struth.jpg\" rel=\"attachment wp-att-2854\"><img loading=\"lazy\" decoding=\"async\" width=\"150\" height=\"150\" class=\"alignnone size-thumbnail wp-image-2854\" alt=\"Kirche Struth\" src=\"http:\/\/eksm.de\/blog\/seligenthal\/wp-content\/uploads\/2016\/03\/Kirche-Struth-150x150.jpg\"><\/a><a href=\"http:\/\/eksm.de\/blog\/seligenthal\/wp-content\/uploads\/2016\/03\/Kirche-Struth-innen.jpg\" rel=\"attachment wp-att-2975\"><img loading=\"lazy\" decoding=\"async\" width=\"150\" height=\"150\" class=\"alignnone size-thumbnail wp-image-2975\" alt=\"Kirche Struth innen\" src=\"http:\/\/eksm.de\/blog\/seligenthal\/wp-content\/uploads\/2016\/03\/Kirche-Struth-innen-150x150.jpg\"><\/a><a href=\"http:\/\/eksm.de\/blog\/seligenthal\/wp-content\/uploads\/2016\/03\/Kirche-Struth-1950er2-komprimiert.jpg\" rel=\"attachment wp-att-2979\"><img loading=\"lazy\" decoding=\"async\" width=\"150\" height=\"150\" class=\"alignnone size-thumbnail wp-image-2979\" alt=\"Kirche Struth 1950er2 komprimiert\" src=\"http:\/\/eksm.de\/blog\/seligenthal\/wp-content\/uploads\/2016\/03\/Kirche-Struth-1950er2-komprimiert-150x150.jpg\"><\/a><\/p>\n<p>\u00dcber der s\u00fcdlichen Kirchent\u00fcr befindet sich ein Hessenwappen mit dem L\u00f6wen als hessisches Wappentier, dar\u00fcber steht die Jahreszahl 1773.<\/p>\n<p>Bevor die jetzige Kirche gebaut wurde, hat es an derselben Stelle eine \u00e4ltere Holzkirche gegeben, die schon 1572 in der Struther Chronik erw\u00e4hnt wurde. Nach Bauf\u00e4lligkeit dieser ersten Holzkirche wurde 1629 eine zweite Holzkirche an gleicher Stelle gebaut.<\/p>\n<p>Die alte Orgel&nbsp;wurde&nbsp;1776 von Johannes Oestereich gebaut. Sie wurde 1984 erneuert von der Firma Rudolf B\u00f6hm aus Gotha. Die Kosten beliefen sich auf 100.000 Mark.<\/p>\n<p>\u00dcber der verzierten Kanzel befindet sich ein Schalldeckel, auf dem urspr\u00fcnglich eine Lutherb\u00fcste befestigt war. Oben befindet sich die Figur einer Gans. Der steinerne Altar steht auf zwei St\u00fctzen. In der Mitte befindet sich das Altarkreuz aus Messing mit dem gekreuzigten Christus.<\/p>\n<p>Die Form des Taufsteins ist achteckig. Abgebildet ist Christus, der zwei Kinder segnet. Daneben befinden sich zwei Bibelverse. Das sogenannte Kinderevangelium aus Lukas 18,16: \u201eLasset die Kinder zu mir kommen und wehret ihnen nicht, denn solchen geh\u00f6rt das Reich Gottes.&#8220; Und der Taufbefehl Jesu aus Matth\u00e4us 28,18: &#8222;Gehet hin in alle Welt und machet zu J\u00fcngern alle V\u00f6lker und lehret sie halten, was ich euch befohlen habe, und taufet sie auf den Namen des Vaters und des Sohnes und des Heiligen Geistes.&#8220;<\/p>\n<p><a href=\"http:\/\/eksm.de\/blog\/seligenthal\/wp-content\/uploads\/2016\/03\/IMG_5030.jpg\" rel=\"attachment wp-att-2858\"><img loading=\"lazy\" decoding=\"async\" width=\"150\" height=\"150\" class=\"alignnone wp-image-2858 size-thumbnail\" alt=\"IMG_5030\" src=\"http:\/\/eksm.de\/blog\/seligenthal\/wp-content\/uploads\/2016\/03\/IMG_5030-e1457205570142-150x150.jpg\"><\/a><a href=\"http:\/\/eksm.de\/blog\/seligenthal\/wp-content\/uploads\/2016\/03\/IMG_5024.jpg\" rel=\"attachment wp-att-2855\"><img loading=\"lazy\" decoding=\"async\" width=\"150\" height=\"150\" class=\"alignnone size-thumbnail wp-image-2855\" alt=\"IMG_5024\" src=\"http:\/\/eksm.de\/blog\/seligenthal\/wp-content\/uploads\/2016\/03\/IMG_5024-150x150.jpg\"><\/a><a href=\"http:\/\/eksm.de\/blog\/seligenthal\/wp-content\/uploads\/2016\/03\/IMG_5036.jpg\" rel=\"attachment wp-att-2859\"><img loading=\"lazy\" decoding=\"async\" width=\"150\" height=\"150\" class=\"alignnone size-thumbnail wp-image-2859\" alt=\"IMG_5036\" src=\"http:\/\/eksm.de\/blog\/seligenthal\/wp-content\/uploads\/2016\/03\/IMG_5036-150x150.jpg\"><\/a><\/p>\n<p>Im Glockenturm befinden sich drei Kirchenglocken. Die erste Glocke wurde 1807 von Heinrich Bittorf in Seligenthal gegossen. Im 2. Weltkrieg wurden die Glocken zu R\u00fcstungszwecken eingeschmolzen. In den 1950er Jahren wurden drei neue Stahlglocken von der Firma Schilling aus Apolda installiert. 1927 erhielt die Kirche eine neue Turmuhr mit 3 Zifferbl\u00e4ttern. Die Kosten von 1700 Mark wurden durch Spenden aufgebracht.<\/p>\n<p>1861 bekam die Kirche ihren ersten Innenanstrich.<\/p>\n<p>In der Zeit des zweiten Weltkrieges ab 1939 trafen immer mehr Fl\u00fcchtlinge in Struth ein: aus dem Saarland, aus Schlesien und Ostpreu\u00dfen (heute Polen und Russland) sowie aus dem Sudetenland (Tschechien).<\/p>\n<p>Links an der Wand befindet sich eine Gedenktafel, die an die Opfer des 1. Weltkrieges erinnert.<\/p>\n<p>Nach einem starken Schwammbefall im Innern des Kirchenschiffes musste die Kirche 2006 umfangreich renoviert werden und konnte 2007 wieder eingeweiht werden. Sogar das Dach musste erneuert werden. Die neuen Kirchenb\u00e4nke wurden angefertigt von der Firma Alwin Kirchner aus Struth. Die Gesamtkosten der Renovierung beliefen sich auf 233.000 Euro.<\/p>\n<p><strong>Die Chronologie der Kirche<\/strong><\/p>\n<table>\n<tbody>\n<tr>\n<td width=\"130\"><strong>14.8.1765<\/strong><\/td>\n<td width=\"595\">Beginn des Kirchenbaus mit \u201eSteinen fahren und Holz hauen\u201c<\/td>\n<\/tr>\n<tr>\n<td width=\"130\"><strong>24.9.1767<\/strong><\/td>\n<td width=\"595\">Aufsetzung des Turmknopfes<\/td>\n<\/tr>\n<tr>\n<td width=\"130\"><strong>12. So. n. Trinit. 1767<\/strong><\/td>\n<td width=\"595\"><u>Erster Abendmahlsgottesdienst<\/u> in der Kirche durch den luth. Pfarrer Balthasar David Schmidt aus Schmalkalden<\/td>\n<\/tr>\n<tr>\n<td width=\"130\"><strong>1776<\/strong><\/td>\n<td width=\"595\">Auftrag zum Bau einer Orgel an Johannes Oestreich aus Oberbimbach bei Fulda, nachdem der erste Auftrag von 1770 wegen einer Teuerung zur\u00fcckgezogen werden musste.<\/td>\n<\/tr>\n<tr>\n<td width=\"130\"><strong>1795<\/strong><\/td>\n<td width=\"595\">Errichtung einer St\u00fctzmauer um die Kirche durch den Maurermeister Joh. Jacob Weisheit<\/td>\n<\/tr>\n<tr>\n<td width=\"130\"><strong>29.8.1800<\/strong><\/td>\n<td width=\"595\">Reparatur des Turmes und Neubefestigung der Wetterfahne und des Turmknopfes durch den Schieferdecker Johann Christoph Luther aus Schmalkalden<\/td>\n<\/tr>\n<tr>\n<td width=\"130\"><strong>1807<\/strong><\/td>\n<td width=\"595\">Der Glockengie\u00dfer Bittdorf aus Seligenthal gie\u00dft die kleine Glocke.<\/td>\n<\/tr>\n<tr>\n<td width=\"130\"><strong>1813<\/strong><\/td>\n<td width=\"595\">Reparatur der Orgel durch den Orgelbauer Schreiber aus Schmalkalden. Einbau zwei neuer Register.<\/td>\n<\/tr>\n<tr>\n<td width=\"130\"><strong>1819<\/strong><\/td>\n<td width=\"595\">Die gro\u00dfe Glocke wird ebenfalls durch Bittorf gegossen, nachdem die alte gesprungen war.<\/td>\n<\/tr>\n<tr>\n<td width=\"130\"><strong>1825<\/strong><\/td>\n<td width=\"595\">Reparatur des Kirchturms durch den Schieferdecker Cornelius Friedrich Dreyssigacker aus Schleusingen<\/td>\n<\/tr>\n<tr>\n<td width=\"130\"><strong>1840<\/strong><\/td>\n<td width=\"595\">Neueindeckung des Kirchturmes durch den Schieferdeckermeister Daniel Wagner aus Heinrichs bei Suhl<\/td>\n<\/tr>\n<tr>\n<td width=\"130\"><strong>1861<\/strong><\/td>\n<td width=\"595\">Die Kirche erh\u00e4lt ihren <u>ersten Innenanstrich<\/u> und neue Fenster.<\/td>\n<\/tr>\n<tr>\n<td width=\"130\"><strong>1862<\/strong><\/td>\n<td width=\"595\">Neuer Au\u00dfenanstrich und Erneuerung des Turmes und des Ziffernblattes der Turmuhr<\/td>\n<\/tr>\n<tr>\n<td width=\"130\"><strong>12. So. n. Trinit. 1867<\/strong><\/td>\n<td width=\"595\">Feier des 100j\u00e4hrigen Bestehens der Kirche (im selben Jahr Reparatur des Kirchturmes durch Schieferdeckermeister Christoph Friedrich und Sohn aus Walldorf)<\/td>\n<\/tr>\n<tr>\n<td width=\"130\"><strong>1873<\/strong><\/td>\n<td width=\"595\">Reparatur des Kirchturmes und des Holzgestelles<\/td>\n<\/tr>\n<tr>\n<td width=\"130\"><strong>1904<\/strong><\/td>\n<td width=\"595\">Neueindeckung des Schieferdaches durch Schieferdeckermeister Julius D\u00f6hrer aus Ritschenhausen<\/td>\n<\/tr>\n<tr>\n<td width=\"130\"><strong>1922<\/strong><\/td>\n<td width=\"595\">Die gro\u00dfe Kirchenglocke wird ersetzt.<\/td>\n<\/tr>\n<tr>\n<td width=\"130\"><strong>1927<\/strong><\/td>\n<td width=\"595\">Die Kirche erh\u00e4lt eine neue Uhr mit drei Zifferbl\u00e4ttern.<\/td>\n<\/tr>\n<tr>\n<td width=\"130\"><strong>1934<\/strong><\/td>\n<td width=\"595\">Vereinigung der reformierten und der lutherischen Gemeinde zur \u201eKirchengemeinde Struth-Helmershof\u201c als Filialgemeinde der Pfarrei Floh<\/p>\n<p>&nbsp;<\/p>\n<p>Juli bis August 1934: Gr\u00fcndliche Erneuerung der Kirche. Die Malerarbeiten werden von den T\u00fcnchern Fr\u00e4bel, Eck, R\u00f6der und Weisheit ausgef\u00fchrt, die Tischlerarbeiten von Kaspar Langbein und Berthold Franz. Die Maurerarbeiten werden von der Firma Aschenbach und Kirchner sowie Ullrich verrichtet. Wiedereinweihung am 3.9.1934<\/td>\n<\/tr>\n<tr>\n<td width=\"130\"><strong>1956<\/strong><\/td>\n<td width=\"595\">Zwei neue Klanggussglocken aus Apolda von der Firma Schilling werden eingebaut. Die Firma liefert auch eine kleine Bronzeglocke, die als Totengl\u00f6ckchen (\u201eKl\u00e4ngele\u201c) genutzt wird. Anfang der 1960er Jahre wird das Gel\u00e4ut elektrifiziert.<\/td>\n<\/tr>\n<tr>\n<td width=\"130\"><strong>1967<\/strong><\/td>\n<td width=\"595\">Feier des 200j\u00e4hrigen Bestehens der Kirche und Beschluss des Kirchenvorstands zu einer General\u00fcberholung der Kirche<\/td>\n<\/tr>\n<tr>\n<td width=\"130\"><strong>1971<\/strong><\/td>\n<td width=\"595\">Die Tischlermeister Wilhelm und Martin Weisheit fertigen drei neue T\u00fcren. Auch die Steintreppenaufg\u00e4nge und die Stufen zu den Kircheneing\u00e4ngen werden erneuert.<\/td>\n<\/tr>\n<tr>\n<td width=\"130\"><strong>1972<\/strong><\/td>\n<td width=\"595\">Erneuerung der Innentreppen durch die Firma Guido Bauer aus Schnellbach.<\/p>\n<p>Erneuerung des Au\u00dfenputzes durch die Firma Alwin R\u00f6der mit S\u00f6hnen aus Struth-H. und den Malern Hopf und Huneck aus Schnellbach. Die Kirmesgesellschaft \u00fcbernimmt das Abhacken des alten Putzes.<\/td>\n<\/tr>\n<tr>\n<td width=\"130\"><strong>1973<\/strong><\/td>\n<td width=\"595\">Eine elektrische Fu\u00dfheizung wird installiert.<\/td>\n<\/tr>\n<tr>\n<td width=\"130\"><strong>1974<\/strong><\/td>\n<td width=\"595\">Neubeschieferung des Turmes durch den Schieferdeckermeister Arnsperger aus Viernau. Der Turmknauf weist bei der Reparatur Durchsch\u00fcsse auf und wird repariert sowie vergoldet.<\/td>\n<\/tr>\n<tr>\n<td width=\"130\"><strong>1975<\/strong><\/td>\n<td width=\"595\">Innenrenovierung unter der Leitung der Restauratoren Th\u00fcmmler und M\u00fcnster mit zahlreichen ehrenamtlichen Helfern. Der Taufstein wird in den Originalzustand zur\u00fcckversetzt.<\/td>\n<\/tr>\n<tr>\n<td width=\"130\"><strong>1985<\/strong><\/td>\n<td width=\"595\">Einweihung der neuen Orgel, die von der Firma B\u00f6hm aus Gotha erstellt wird<\/td>\n<\/tr>\n<tr>\n<td width=\"130\"><strong>3.5.1987<\/strong><\/td>\n<td width=\"595\">Einweihung des neuen Gemeindehauses in der Krongasse 10 nach 2 \u00bd Jahren Bauzeit durch \u00fcber 100 ehrenamtliche Helfer<\/td>\n<\/tr>\n<tr>\n<td width=\"130\"><strong>1988<\/strong><\/td>\n<td width=\"595\">Restaurierung des Wappens durch den Restaurator M\u00fcnster. Der Platz um die Kirche wird geschottert<\/td>\n<\/tr>\n<tr>\n<td width=\"130\"><strong>1989<\/strong><\/td>\n<td width=\"595\">Au\u00dfenanstrich durch Maler Wolfgang R\u00f6der sowie der Fenster. Sch\u00e4den am Kirchendach werden von der Firma Arnsperger aus Viernau beseitigt.<\/td>\n<\/tr>\n<tr>\n<td width=\"130\"><strong>1996<\/strong><\/td>\n<td width=\"595\">Erneuerung der L\u00e4uteanlage<\/td>\n<\/tr>\n<tr>\n<td width=\"130\"><strong>1999<\/strong><\/td>\n<td width=\"595\">Reparatur des Kirchensockels<\/td>\n<\/tr>\n<tr>\n<td width=\"130\"><strong>2003<\/strong><\/td>\n<td width=\"595\">Installation einer Lautsprecheranlage<\/td>\n<\/tr>\n<tr>\n<td width=\"130\"><strong>2006<\/strong><\/td>\n<td width=\"595\">Sanierung des Dachstuhls und des Fu\u00dfbodens aufgrund von Schwammbefall. Einbau neuer Kirchenb\u00e4nke durch die Tischlerei Alwin Kirchner.<\/td>\n<\/tr>\n<tr>\n<td width=\"130\"><strong>20.5.2007<\/strong><\/td>\n<td width=\"595\">Wiedereinweihung der sanierten Kirche durch Dekan Bedbur<\/td>\n<\/tr>\n<tr>\n<td width=\"130\"><strong>2011<\/strong><\/td>\n<td width=\"595\">Anbringung eines Gel\u00e4nders an den Au\u00dfentreppen<\/td>\n<\/tr>\n<tr>\n<td width=\"130\"><strong>2016<\/strong><\/td>\n<td width=\"595\">Erneuerung der elektronischen L\u00e4uteanlage durch die Firma Willing aus Gr\u00e4fenhain<\/td>\n<\/tr>\n<tr>\n<td width=\"130\"><strong>2017<\/strong><\/td>\n<td width=\"595\">Schaffung eines behindertengerechten Eingangs durch die Firma Schnittger aus Asbach<\/td>\n<\/tr>\n<tr>\n<td width=\"130\"><strong>12. So. n. Trinit. 2017<\/strong><\/td>\n<td width=\"595\">Feier des 250. Bestehens der Kirche am 3.9.2017. Festpredigt von Dekan Gebauer<\/td>\n<\/tr>\n<\/tbody>\n<\/table>\n","protected":false},"excerpt":{"rendered":"<div class=\"mh-excerpt\"><p>Die Kirche in Struth-Helmershof Die in ihrer Innenausstattung nach dem Beispiel des sogenannten Bauernbarock gestaltete Kirche wurde in den Jahren 1765-1767 erbaut. Die Grundsteinlegung war am 14. August 1765. Der erste Gottesdienst konnte am 12. <a class=\"mh-excerpt-more\" href=\"https:\/\/eksm.de\/blog\/seligenthal\/?page_id=2827\" title=\"Die Kirche in Struth-Helmershof\">[mehr&#8230;]<\/a><\/p>\n<\/div>","protected":false},"author":1,"featured_media":0,"parent":1031,"menu_order":0,"comment_status":"closed","ping_status":"closed","template":"","meta":{"ngg_post_thumbnail":0,"footnotes":""},"class_list":["post-2827","page","type-page","status-publish"],"_links":{"self":[{"href":"https:\/\/eksm.de\/blog\/seligenthal\/index.php?rest_route=\/wp\/v2\/pages\/2827","targetHints":{"allow":["GET"]}}],"collection":[{"href":"https:\/\/eksm.de\/blog\/seligenthal\/index.php?rest_route=\/wp\/v2\/pages"}],"about":[{"href":"https:\/\/eksm.de\/blog\/seligenthal\/index.php?rest_route=\/wp\/v2\/types\/page"}],"author":[{"embeddable":true,"href":"https:\/\/eksm.de\/blog\/seligenthal\/index.php?rest_route=\/wp\/v2\/users\/1"}],"replies":[{"embeddable":true,"href":"https:\/\/eksm.de\/blog\/seligenthal\/index.php?rest_route=%2Fwp%2Fv2%2Fcomments&post=2827"}],"version-history":[{"count":12,"href":"https:\/\/eksm.de\/blog\/seligenthal\/index.php?rest_route=\/wp\/v2\/pages\/2827\/revisions"}],"predecessor-version":[{"id":4649,"href":"https:\/\/eksm.de\/blog\/seligenthal\/index.php?rest_route=\/wp\/v2\/pages\/2827\/revisions\/4649"}],"up":[{"embeddable":true,"href":"https:\/\/eksm.de\/blog\/seligenthal\/index.php?rest_route=\/wp\/v2\/pages\/1031"}],"wp:attachment":[{"href":"https:\/\/eksm.de\/blog\/seligenthal\/index.php?rest_route=%2Fwp%2Fv2%2Fmedia&parent=2827"}],"curies":[{"name":"wp","href":"https:\/\/api.w.org\/{rel}","templated":true}]}}