{"id":69,"date":"2010-03-24T16:52:58","date_gmt":"2010-03-24T15:52:58","guid":{"rendered":"http:\/\/eksm.de\/blog\/seligenthal\/?page_id=69"},"modified":"2018-10-26T23:36:44","modified_gmt":"2018-10-26T21:36:44","slug":"ratgeber-trauung","status":"publish","type":"page","link":"https:\/\/eksm.de\/blog\/seligenthal\/?page_id=69","title":{"rendered":"Ratgeber Trauung"},"content":{"rendered":"<p><b>Sie m\u00f6chten <\/b><b>sich trauen lassen&#8230;<\/b><\/p>\n<p>In unserer Gemeinde wird die Trauung meist am Sonnabend Nachmittag gehalten.<br \/>\nAber auch andere Termine lassen sich vereinbaren.<br \/>\nDen passenden Termin k\u00f6nnen Sie problemlos im jeweiligen Pfarramt vereinbaren.<br \/>\nNur am Karfreitag und Karsamstag werden keine Trauungen durchgef\u00fchrt.<\/p>\n<p>In jedem Fall k\u00f6nnen Sie sich mit Fragen oder Terminw\u00fcnschen an Ihr \u00f6rtliches Pfarramt wenden.<br \/>\nSie finden hier eine Zusammenstellung wichtiger Fragen und Antworten zur Trauung:<\/p>\n<p><a href=\"http:\/\/www.ekkw.de\/ratgeber\/hochzeit.html\" target=\"_blank\">Ratgeber Trauung<\/a><\/p>\n<p>Wenn Sie einen Trauspruch suchen, k\u00f6nnen Sie hier wichtige Informationen finden:<\/p>\n<p><a href=\"http:\/\/www.trauspruch.de\" target=\"_blank\">Trauspr\u00fcche<\/a><\/p>\n<p>Selbstverst\u00e4ndlich k\u00f6nnen Sie auch selbst einen passenden Spruch in der Bibel suchen.<\/p>\n<p>Auch wenn ein Partner nicht der Kirche angeh\u00f6rt, kann die Trauung stattfinden.<br \/>\nDieser Partner muss nat\u00fcrlich mit einer kirchlichen Trauung einverstanden sein.<br \/>\nSie k\u00f6nnen mit Ihrer zust\u00e4ndigen Pfarrerin \/ Pfarrer den Ablauf der Trauung verabreden.<\/p>\n<p>Die Mitwirkung eines Chores oder Gospelchores macht die Trauung feierlicher.<br \/>\nBitte sprechen Sie deswegen mit dem jeweiligen Kantor\/Organisten.<\/p>\n<p>Nat\u00fcrlich besteht auch die M\u00f6glichkeit, dass ein Partner sich erwachsen taufen l\u00e4sst oder die Konfirmation nachholt. Es ist auch m\u00f6glich, an einem Kurs teilzunehmen, um sich \u00fcber den christlichen Glauben zu informieren, ohne sich zun\u00e4chst f\u00fcr eine Taufe oder Erwachsenenkonfirmation festzulegen.<\/p>\n<p><a href=\"http:\/\/eksm.de\/blog\/seligenthal\/?page_id=68\" target=\"_blank\">Ratgeber Taufe<\/a><\/p>\n<p><b>Sie k\u00f6nnen auch eine Mail schreiben und wir informieren Sie k\u00f6nnen Ihre Fragen beantworten: <\/b><\/p>\n<p><!--Beginn--><a href=\"http:\/\/5686266.de.strato-hosting.eu\/cgi-bin\/formmanager.php.cgi?action=ext_preview&amp;fid=3\">Ihre Nachricht<\/a><\/p>\n<p><!--Ende--><\/p>\n","protected":false},"excerpt":{"rendered":"<div class=\"mh-excerpt\"><p>Sie m\u00f6chten sich trauen lassen&#8230; In unserer Gemeinde wird die Trauung meist am Sonnabend Nachmittag gehalten. Aber auch andere Termine lassen sich vereinbaren. Den passenden Termin k\u00f6nnen Sie problemlos im jeweiligen Pfarramt vereinbaren. Nur am <a class=\"mh-excerpt-more\" href=\"https:\/\/eksm.de\/blog\/seligenthal\/?page_id=69\" title=\"Ratgeber Trauung\">[mehr&#8230;]<\/a><\/p>\n<\/div>","protected":false},"author":1,"featured_media":0,"parent":67,"menu_order":0,"comment_status":"closed","ping_status":"closed","template":"","meta":{"ngg_post_thumbnail":0,"footnotes":""},"class_list":["post-69","page","type-page","status-publish"],"_links":{"self":[{"href":"https:\/\/eksm.de\/blog\/seligenthal\/index.php?rest_route=\/wp\/v2\/pages\/69","targetHints":{"allow":["GET"]}}],"collection":[{"href":"https:\/\/eksm.de\/blog\/seligenthal\/index.php?rest_route=\/wp\/v2\/pages"}],"about":[{"href":"https:\/\/eksm.de\/blog\/seligenthal\/index.php?rest_route=\/wp\/v2\/types\/page"}],"author":[{"embeddable":true,"href":"https:\/\/eksm.de\/blog\/seligenthal\/index.php?rest_route=\/wp\/v2\/users\/1"}],"replies":[{"embeddable":true,"href":"https:\/\/eksm.de\/blog\/seligenthal\/index.php?rest_route=%2Fwp%2Fv2%2Fcomments&post=69"}],"version-history":[{"count":2,"href":"https:\/\/eksm.de\/blog\/seligenthal\/index.php?rest_route=\/wp\/v2\/pages\/69\/revisions"}],"predecessor-version":[{"id":2920,"href":"https:\/\/eksm.de\/blog\/seligenthal\/index.php?rest_route=\/wp\/v2\/pages\/69\/revisions\/2920"}],"up":[{"embeddable":true,"href":"https:\/\/eksm.de\/blog\/seligenthal\/index.php?rest_route=\/wp\/v2\/pages\/67"}],"wp:attachment":[{"href":"https:\/\/eksm.de\/blog\/seligenthal\/index.php?rest_route=%2Fwp%2Fv2%2Fmedia&parent=69"}],"curies":[{"name":"wp","href":"https:\/\/api.w.org\/{rel}","templated":true}]}}