{"id":70,"date":"2010-03-24T16:55:27","date_gmt":"2010-03-24T15:55:27","guid":{"rendered":"http:\/\/eksm.de\/blog\/seligenthal\/?page_id=70"},"modified":"2024-09-13T19:12:20","modified_gmt":"2024-09-13T17:12:20","slug":"ratgeber-spenden","status":"publish","type":"page","link":"https:\/\/eksm.de\/blog\/seligenthal\/?page_id=70","title":{"rendered":"Ratgeber Spenden"},"content":{"rendered":"<ul>\n<li><span style=\"font-size: medium;\">Wir sind sehr dankbar, wenn Sie zweckbestimmt durch Geld- oder Sachspenden die Arbeit der Gemeinden und der Diakonie unterst\u00fctzen oder die aufw\u00e4ndige Erhaltung unserer Kirchen erm\u00f6glichen.<br \/>\nSie erhalten selbstverst\u00e4ndlich eine Spendenbescheinigung f\u00fcr das Finanzamt.<br \/>\nWir freuen uns \u00fcber jede Spende, die die Gemeinde- und Kinder- und Jugendarbeit unterst\u00fctzt. Sie k\u00f6nnen sich jederzeit davon \u00fcberzeugen, dass sie zu dem von Ihnen bestimmten Zweck eingesetzt wird. <\/span><\/li>\n<\/ul>\n<p><strong>Bankverbindung der Kirchengemeinden: <\/strong><\/p>\n<p><strong>Empf\u00e4nger: Kirchenkreisamt Schmalkalden<br \/>\nIBAN: DE71520604100008007047<br \/>\n<\/strong><strong>Im Verwendungszweck tragen Sie bitte den Namen der Kirchengemeinde ein sowie die Adresse des Spenders.<\/strong><\/p>\n<ul>\n<li><span style=\"font-size: medium;\"><span style=\"font-size: medium;\"><span style=\"font-size: medium;\">Zurzeit haben wir einen Schwerpunkt:<\/span><\/span><\/span><br \/>\nAn der Kirche Schnellbach muss die Uhr general\u00fcberholt werden.<br \/>\nIn Seligenthal ist ein Keyboard anzuschaffen<br \/>\nin Floh ist es ebenfalls die Kirchenuhr die \u00fcberholungsbed\u00fcrtig ist<br \/>\nin Kleinschmalkalden sind wir im Kirchenerhaltungsfond aufgenommen. Hier wird jeder Euro verdoppelt.<\/li>\n<\/ul>\n","protected":false},"excerpt":{"rendered":"<div class=\"mh-excerpt\"><p>Wir sind sehr dankbar, wenn Sie zweckbestimmt durch Geld- oder Sachspenden die Arbeit der Gemeinden und der Diakonie unterst\u00fctzen oder die aufw\u00e4ndige Erhaltung unserer Kirchen erm\u00f6glichen. Sie erhalten selbstverst\u00e4ndlich eine Spendenbescheinigung f\u00fcr das Finanzamt. Wir <a class=\"mh-excerpt-more\" href=\"https:\/\/eksm.de\/blog\/seligenthal\/?page_id=70\" title=\"Ratgeber Spenden\">[mehr&#8230;]<\/a><\/p>\n<\/div>","protected":false},"author":1,"featured_media":0,"parent":67,"menu_order":0,"comment_status":"closed","ping_status":"closed","template":"","meta":{"ngg_post_thumbnail":0,"footnotes":""},"class_list":["post-70","page","type-page","status-publish"],"_links":{"self":[{"href":"https:\/\/eksm.de\/blog\/seligenthal\/index.php?rest_route=\/wp\/v2\/pages\/70","targetHints":{"allow":["GET"]}}],"collection":[{"href":"https:\/\/eksm.de\/blog\/seligenthal\/index.php?rest_route=\/wp\/v2\/pages"}],"about":[{"href":"https:\/\/eksm.de\/blog\/seligenthal\/index.php?rest_route=\/wp\/v2\/types\/page"}],"author":[{"embeddable":true,"href":"https:\/\/eksm.de\/blog\/seligenthal\/index.php?rest_route=\/wp\/v2\/users\/1"}],"replies":[{"embeddable":true,"href":"https:\/\/eksm.de\/blog\/seligenthal\/index.php?rest_route=%2Fwp%2Fv2%2Fcomments&post=70"}],"version-history":[{"count":17,"href":"https:\/\/eksm.de\/blog\/seligenthal\/index.php?rest_route=\/wp\/v2\/pages\/70\/revisions"}],"predecessor-version":[{"id":5158,"href":"https:\/\/eksm.de\/blog\/seligenthal\/index.php?rest_route=\/wp\/v2\/pages\/70\/revisions\/5158"}],"up":[{"embeddable":true,"href":"https:\/\/eksm.de\/blog\/seligenthal\/index.php?rest_route=\/wp\/v2\/pages\/67"}],"wp:attachment":[{"href":"https:\/\/eksm.de\/blog\/seligenthal\/index.php?rest_route=%2Fwp%2Fv2%2Fmedia&parent=70"}],"curies":[{"name":"wp","href":"https:\/\/api.w.org\/{rel}","templated":true}]}}