{"id":74,"date":"2010-03-24T17:04:06","date_gmt":"2010-03-24T16:04:06","guid":{"rendered":"http:\/\/eksm.de\/blog\/seligenthal\/?page_id=74"},"modified":"2024-09-13T19:22:29","modified_gmt":"2024-09-13T17:22:29","slug":"ratgeber-kirchensteuer","status":"publish","type":"page","link":"https:\/\/eksm.de\/blog\/seligenthal\/?page_id=74","title":{"rendered":"Ratgeber Kirchensteuer"},"content":{"rendered":"<p>Nur wenige Organisationen sind, was ihr Einnahme- und Ausgabenverhalten betrifft, so transparent wie die Kirche.<br \/>\nDie Finanzen der Kirche liegen offen und wir k\u00f6nnen Ihnen einen Einblick in die Finanzierung bieten.<\/p>\n<p>Die Transparenz hat ihren Grund: Die Kirche hat den Auftrag, das Evangelium Jesu Christi in der Welt mit Wort und Tat zu verk\u00fcndigen.<br \/>\nDazu braucht sie das Engagement der Menschen und ist auf Geld angewiesen.<br \/>\nDen Gro\u00dfteil ihrer Einnahmen bezieht sie aus der Kirchensteuer.<\/p>\n<p>Auch die Einnahmen und Ausgaben der Kirchengemeinden sind in jedem Pfarramt einzusehen.<br \/>\nSie werden nach der Beschlussfassung durch den Kirchenvorstand \u00f6ffentlich im Pfarramt ausgelegt.<br \/>\nDer Termin wird im Gemeindegottesdienst bekannt gegeben.<\/p>\n<p>Sie m\u00f6chten wissen, wie die Kirchensteuer berechnet wird und wof\u00fcr sie verwandt wird:<\/p>\n<p><a href=\"https:\/\/www.ekkw.de\/kirche\/kirche-und-geld\/kirchensteuer\" target=\"_blank\" rel=\"noopener\">Kirchensteuer<\/a><br \/>\n<strong>Ausf\u00fchrliche Informationen zur Kirchensteuer finden Sie <a href=\"http:\/\/www.kirchensteuer-wirkt.de\" target=\"_blank\" rel=\"noopener\">hier<\/a><\/strong><\/p>\n<p>Das <span style=\"text-decoration: underline;\"><strong>Kirchgeld<\/strong><\/span> erbitten wir im November f\u00fcr das vergangene Jahr von allen Gemeindegliedern, insbesondere von denen, die <span style=\"text-decoration: underline;\">keine<\/span> Kirchensteuer bezahlen. Es ist immer zu einem besonderen Zweck der Kirchengemeinde bestimmt und bleibt in unserer Gemeinde. Es wird in einigen Ortsteilen von Kirchenvorstehern eingesammelt.<\/p>\n<p>Selbstverst\u00e4ndlich k\u00f6nnen wir Ihnen eine Spendenquittung ausstellen, die vom Finanzamt anerkannt wird.<\/p>\n<p>In Seligenthal bitten wir Sie, es zu den <span style=\"text-decoration: underline;\">B\u00fcro\u00f6ffnungszeiten im Gemeindehaus Seligenthal<\/span> zu entrichten:<br \/>\nMittwoch: 10-11 Uhr<\/p>\n<p>In Floh und Struth-Helmershof erhalten Sie von Ihrer Kirchengemeinde im Herbst einen Kirchgeldbrief, in dem Sie \u00fcber die H\u00f6he des freiwilligen Kirchgeldes informiert werden (mind. 6,00 Euro f\u00fcr jedes erwachsene Kirchenmitglied). Sie k\u00f6nnen das Kirchgeld per beiliegendem \u00dcberweisungstr\u00e4ger bezahlen oder zu einem festgelegten Termin im Gemeindehaus vor Ort bar bezahlen.<\/p>\n","protected":false},"excerpt":{"rendered":"<div class=\"mh-excerpt\"><p>Nur wenige Organisationen sind, was ihr Einnahme- und Ausgabenverhalten betrifft, so transparent wie die Kirche. Die Finanzen der Kirche liegen offen und wir k\u00f6nnen Ihnen einen Einblick in die Finanzierung bieten. Die Transparenz hat ihren <a class=\"mh-excerpt-more\" href=\"https:\/\/eksm.de\/blog\/seligenthal\/?page_id=74\" title=\"Ratgeber Kirchensteuer\">[mehr&#8230;]<\/a><\/p>\n<\/div>","protected":false},"author":1,"featured_media":0,"parent":67,"menu_order":0,"comment_status":"closed","ping_status":"closed","template":"","meta":{"ngg_post_thumbnail":0,"footnotes":""},"class_list":["post-74","page","type-page","status-publish"],"_links":{"self":[{"href":"https:\/\/eksm.de\/blog\/seligenthal\/index.php?rest_route=\/wp\/v2\/pages\/74","targetHints":{"allow":["GET"]}}],"collection":[{"href":"https:\/\/eksm.de\/blog\/seligenthal\/index.php?rest_route=\/wp\/v2\/pages"}],"about":[{"href":"https:\/\/eksm.de\/blog\/seligenthal\/index.php?rest_route=\/wp\/v2\/types\/page"}],"author":[{"embeddable":true,"href":"https:\/\/eksm.de\/blog\/seligenthal\/index.php?rest_route=\/wp\/v2\/users\/1"}],"replies":[{"embeddable":true,"href":"https:\/\/eksm.de\/blog\/seligenthal\/index.php?rest_route=%2Fwp%2Fv2%2Fcomments&post=74"}],"version-history":[{"count":6,"href":"https:\/\/eksm.de\/blog\/seligenthal\/index.php?rest_route=\/wp\/v2\/pages\/74\/revisions"}],"predecessor-version":[{"id":5163,"href":"https:\/\/eksm.de\/blog\/seligenthal\/index.php?rest_route=\/wp\/v2\/pages\/74\/revisions\/5163"}],"up":[{"embeddable":true,"href":"https:\/\/eksm.de\/blog\/seligenthal\/index.php?rest_route=\/wp\/v2\/pages\/67"}],"wp:attachment":[{"href":"https:\/\/eksm.de\/blog\/seligenthal\/index.php?rest_route=%2Fwp%2Fv2%2Fmedia&parent=74"}],"curies":[{"name":"wp","href":"https:\/\/api.w.org\/{rel}","templated":true}]}}