{"id":83,"date":"2010-03-24T18:06:58","date_gmt":"2010-03-24T17:06:58","guid":{"rendered":"http:\/\/eksm.de\/blog\/seligenthal\/?page_id=83"},"modified":"2024-09-13T18:15:51","modified_gmt":"2024-09-13T16:15:51","slug":"frauenkreis-seligenthal","status":"publish","type":"page","link":"https:\/\/eksm.de\/blog\/seligenthal\/?page_id=83","title":{"rendered":"Frauenkreis Seligenthal"},"content":{"rendered":"<p><span style=\"font-size: large;\">Im Seligenthaler Gemeindehaus trifft sich der Frauenkreis 14-t\u00e4gig.<br \/>\nEs werden verschiedene Themen besprochen und oft auch hei\u00df diskutiert.<br \/>\nNat\u00fcrlich wird gemeinsam gesungen und ist Zeit zum Gespr\u00e4ch.<\/span><\/p>\n<p><span style=\"font-size: large;\">Es gibt jeweils Kaffee und Kuchen, den die Frauen vorbereiten.<\/span><\/p>\n<p>&nbsp;<\/p>\n","protected":false},"excerpt":{"rendered":"<div class=\"mh-excerpt\"><p>Im Seligenthaler Gemeindehaus trifft sich der Frauenkreis 14-t\u00e4gig. Es werden verschiedene Themen besprochen und oft auch hei\u00df diskutiert. Nat\u00fcrlich wird gemeinsam gesungen und ist Zeit zum Gespr\u00e4ch. Es gibt jeweils Kaffee und Kuchen, den die <a class=\"mh-excerpt-more\" href=\"https:\/\/eksm.de\/blog\/seligenthal\/?page_id=83\" title=\"Frauenkreis Seligenthal\">[mehr&#8230;]<\/a><\/p>\n<\/div>","protected":false},"author":1,"featured_media":0,"parent":13,"menu_order":0,"comment_status":"open","ping_status":"open","template":"","meta":{"ngg_post_thumbnail":0,"footnotes":""},"class_list":["post-83","page","type-page","status-publish"],"_links":{"self":[{"href":"https:\/\/eksm.de\/blog\/seligenthal\/index.php?rest_route=\/wp\/v2\/pages\/83","targetHints":{"allow":["GET"]}}],"collection":[{"href":"https:\/\/eksm.de\/blog\/seligenthal\/index.php?rest_route=\/wp\/v2\/pages"}],"about":[{"href":"https:\/\/eksm.de\/blog\/seligenthal\/index.php?rest_route=\/wp\/v2\/types\/page"}],"author":[{"embeddable":true,"href":"https:\/\/eksm.de\/blog\/seligenthal\/index.php?rest_route=\/wp\/v2\/users\/1"}],"replies":[{"embeddable":true,"href":"https:\/\/eksm.de\/blog\/seligenthal\/index.php?rest_route=%2Fwp%2Fv2%2Fcomments&post=83"}],"version-history":[{"count":2,"href":"https:\/\/eksm.de\/blog\/seligenthal\/index.php?rest_route=\/wp\/v2\/pages\/83\/revisions"}],"predecessor-version":[{"id":5135,"href":"https:\/\/eksm.de\/blog\/seligenthal\/index.php?rest_route=\/wp\/v2\/pages\/83\/revisions\/5135"}],"up":[{"embeddable":true,"href":"https:\/\/eksm.de\/blog\/seligenthal\/index.php?rest_route=\/wp\/v2\/pages\/13"}],"wp:attachment":[{"href":"https:\/\/eksm.de\/blog\/seligenthal\/index.php?rest_route=%2Fwp%2Fv2%2Fmedia&parent=83"}],"curies":[{"name":"wp","href":"https:\/\/api.w.org\/{rel}","templated":true}]}}