{"id":90,"date":"2010-03-24T18:23:11","date_gmt":"2010-03-24T17:23:11","guid":{"rendered":"http:\/\/eksm.de\/blog\/seligenthal\/?page_id=90"},"modified":"2020-07-11T11:07:00","modified_gmt":"2020-07-11T09:07:00","slug":"einzigartige-deckenbilder","status":"publish","type":"page","link":"https:\/\/eksm.de\/blog\/seligenthal\/?page_id=90","title":{"rendered":"einzigartige Deckenbilder"},"content":{"rendered":"<h5><b><span style=\"font-size: large;\">Der Gem\u00e4ldezyklus von 21 Deckengem\u00e4lden der Lebens- und Leidensgeschichte Christi<\/span><\/b><\/h5>\n<p>Hier k\u00f6nnen Sie die Pr\u00e4sentation der Restaurierungstechnik anschauen:<\/p>\n<div style=\"width: 960px;\" class=\"wp-video\"><video class=\"wp-video-shortcode\" id=\"video-90-1\" width=\"960\" height=\"720\" preload=\"metadata\" controls=\"controls\"><source type=\"video\/mp4\" src=\"http:\/\/eksm.de\/blog\/seligenthal\/wp-content\/uploads\/2020\/07\/Die-Notsicherung-der-Deckenbilder-optimiert.mp4?_=1\" \/><a href=\"http:\/\/eksm.de\/blog\/seligenthal\/wp-content\/uploads\/2020\/07\/Die-Notsicherung-der-Deckenbilder-optimiert.mp4\">http:\/\/eksm.de\/blog\/seligenthal\/wp-content\/uploads\/2020\/07\/Die-Notsicherung-der-Deckenbilder-optimiert.mp4<\/a><\/video><\/div>\n<p><span style=\"font-size: large;\">&nbsp;<\/span><\/p>\n<h6 align=\"center\"><a href=\"http:\/\/eksm.de\/blog\/seligenthal\/wp-content\/uploads\/2010\/08\/Seligenthal_4gro1.jpg\"><span style=\"font-size: large;\"><img loading=\"lazy\" decoding=\"async\" style=\"float: none; margin-left: auto; display: block; margin-right: auto; border-width: 0px;\" title=\"Seligenthal_4gro\u00df\" src=\"http:\/\/eksm.de\/blog\/seligenthal\/wp-content\/uploads\/2010\/08\/Seligenthal_4gro_thumb1.jpg\" alt=\"Seligenthal_4gro\u00df\" width=\"332\" height=\"372\" border=\"0\"><\/span><\/a><\/h6>\n<p><span style=\"font-size: large;\">Eine Besonderheit unserer Kirche ist der Reichtum an Bildern. Die beiden Emporen wurden mit 42 Bildern zum alten Testament verziert.<\/span><\/p>\n<p><span style=\"font-size: large;\">1750 wurden im Rahmen der ersten gro\u00dfen Renovierung noch 21 gro\u00dfe Deckenbilder angebracht. Der Schmalkalder Maler und Ratsherr Valentin Merkel hat die z. T. fast 10m\u00b2 gro\u00dfen Bilder zum Neuen Testament auf Leinwand gemalt.<\/span><\/p>\n<p><span style=\"font-size: large;\">Einzigartig d\u00fcrfte die Aufh\u00e4ngung der gro\u00dfen Bilder sein: Da sich die Leinwand nicht in einen Rahmen spannen lie\u00df, hat man die Bilder mit ca. 3600 handgeschmiedeten N\u00e4geln an das Tonnengew\u00f6lbe genagelt.<\/span><\/p>\n<p><span style=\"font-size: large;\">Die Bilder wurden im vorigen Jahrhundert schon einmal ausgebessert. An den N\u00e4geln ist mittlerweile die Leinwand durch Rostfra\u00df so stark besch\u00e4digt, dass viele Bilder nur noch an einem Teil der N\u00e4gel befestigt sind.<\/span><\/p>\n<p><span style=\"font-size: large;\">Somit stehen wir vor einem gro\u00dfen Problem: Je mehr die Leinwand an den N\u00e4gel rei\u00dft, um so gr\u00f6\u00dfer wird die Belastung an den noch tragenden Stellen. Die Notsicherung der Bilder ist in unumg\u00e4nglich, wenn wir sie erhalten wollen.<\/span><\/p>\n<p><span style=\"font-size: large;\">Aus diesem Grund hat uns das Landesdenkmalamt die Restaurierung des ersten Bildes dankenswerterweise finanziert. Im Zusammenhang mit dieser Restaurierung wurden Klimamessungen durchgef\u00fchrt und eine sehr umfangreiche Diplomarbeit \u00fcber alternative M\u00f6glichkeiten der Aufh\u00e4ngung der Bilder geschrieben. Als Ergebnis der Arbeit stellte sich heraus, dass die einzig m\u00f6gliche Aufh\u00e4ngung durch N\u00e4gel bzw. Schrauben erfolgen kann. Ebenfalls wurde in Abstimmung mit dem Denkmalamt eine &#8222;Strategie&#8220; f\u00fcr die Arbeiten an den anderen Bildern festgelegt. Mittlerweile wurden die&nbsp; Bilder restauriert. Das Schwierigste war freilich die Finanzierung, denn die Notsicherung und Restaurierung kostete ca. 18 000 \u20ac pro Bild.<\/span><\/p>\n<p><span style=\"font-size: large;\">Nun schauen Sie sich die Bilder erst einmal in Ruhe an. Herrn Hugo Schreiber aus Seligenthal ist zu danken, dass wir annehmbare Bilder zeigen k\u00f6nnen. Die Bilder sind ausgesprochen schwierig zu fotografieren, da eine vor 30 Jahren aufgebracht Firnisschicht spiegelt und die Bilder sehr dunkel gemacht hat.<\/span><\/p>\n<table width=\"609\" cellspacing=\"0\" cellpadding=\"2\" border=\"0\">\n<tbody>\n<tr>\n<td width=\"264\" valign=\"top\"><a href=\"http:\/\/eksm.de\/blog\/seligenthal\/wp-content\/uploads\/2010\/03\/deckeub.gif\"><span style=\"font-size: large;\"><img loading=\"lazy\" decoding=\"async\" style=\"float: none; margin-left: auto; display: block; margin-right: auto; border-width: 0px;\" title=\"deckeub\" src=\"http:\/\/eksm.de\/blog\/seligenthal\/wp-content\/uploads\/2010\/03\/deckeub_thumb.gif\" alt=\"deckeub\" width=\"226\" height=\"362\" border=\"0\"><\/span><\/a><\/td>\n<td width=\"343\" valign=\"top\">\n<p align=\"left\"><span style=\"font-size: large;\">1. Verk\u00fcndigung an Maria<br \/>\n2. Jesu Geburt &#8211; die Hirten<br \/>\n3. Die Weisen aus dem Morgenland<br \/>\n4. Die Flucht nach \u00c4gypten<br \/>\n5. Der zw\u00f6lfj\u00e4hrige Jesus im Tempel<br \/>\n6. Jesus und Nikodemus<br \/>\n7. Taufe Jesu<br \/>\n8. Verkl\u00e4rung<br \/>\n9. Abendmahl<br \/>\n10. Jesus in Gethsemane<br \/>\n11. Jesu Gefangennahme<br \/>\n12. Jesus vor dem hohen Rat<br \/>\n13. Jesus vor Pilatus<br \/>\n14. Jesu Gei\u00dfelung<br \/>\n15. Kreuzigung<br \/>\n16. Grablegung<br \/>\n17. Erscheinung des Auferstandenen &#8211; Emmaus \u2013 J\u00fcnger<br \/>\n18. Jesus erscheint Maria Magdalena<br \/>\n19. Jesu Himmelfahrt<br \/>\n20. Pfingsten<br \/>\n21. Das Weltgericht<\/span><\/p>\n<\/td>\n<\/tr>\n<\/tbody>\n<\/table>\n<h6><b><a href=\"http:\/\/eksm.de\/blog\/seligenthal\/?page_id=136\" target=\"_blank\" rel=\"noopener noreferrer\"><span style=\"font-size: large;\">Galerie<\/span><\/a> <\/b><\/h6>\n","protected":false},"excerpt":{"rendered":"<div class=\"mh-excerpt\"><p>Der Gem\u00e4ldezyklus von 21 Deckengem\u00e4lden der Lebens- und Leidensgeschichte Christi Hier k\u00f6nnen Sie die Pr\u00e4sentation der Restaurierungstechnik anschauen: &nbsp; Eine Besonderheit unserer Kirche ist der Reichtum an Bildern. Die beiden Emporen wurden mit 42 Bildern <a class=\"mh-excerpt-more\" href=\"https:\/\/eksm.de\/blog\/seligenthal\/?page_id=90\" title=\"einzigartige Deckenbilder\">[mehr&#8230;]<\/a><\/p>\n<\/div>","protected":false},"author":1,"featured_media":0,"parent":81,"menu_order":0,"comment_status":"open","ping_status":"closed","template":"","meta":{"ngg_post_thumbnail":0,"footnotes":""},"class_list":["post-90","page","type-page","status-publish"],"_links":{"self":[{"href":"https:\/\/eksm.de\/blog\/seligenthal\/index.php?rest_route=\/wp\/v2\/pages\/90","targetHints":{"allow":["GET"]}}],"collection":[{"href":"https:\/\/eksm.de\/blog\/seligenthal\/index.php?rest_route=\/wp\/v2\/pages"}],"about":[{"href":"https:\/\/eksm.de\/blog\/seligenthal\/index.php?rest_route=\/wp\/v2\/types\/page"}],"author":[{"embeddable":true,"href":"https:\/\/eksm.de\/blog\/seligenthal\/index.php?rest_route=\/wp\/v2\/users\/1"}],"replies":[{"embeddable":true,"href":"https:\/\/eksm.de\/blog\/seligenthal\/index.php?rest_route=%2Fwp%2Fv2%2Fcomments&post=90"}],"version-history":[{"count":11,"href":"https:\/\/eksm.de\/blog\/seligenthal\/index.php?rest_route=\/wp\/v2\/pages\/90\/revisions"}],"predecessor-version":[{"id":4644,"href":"https:\/\/eksm.de\/blog\/seligenthal\/index.php?rest_route=\/wp\/v2\/pages\/90\/revisions\/4644"}],"up":[{"embeddable":true,"href":"https:\/\/eksm.de\/blog\/seligenthal\/index.php?rest_route=\/wp\/v2\/pages\/81"}],"wp:attachment":[{"href":"https:\/\/eksm.de\/blog\/seligenthal\/index.php?rest_route=%2Fwp%2Fv2%2Fmedia&parent=90"}],"curies":[{"name":"wp","href":"https:\/\/api.w.org\/{rel}","templated":true}]}}